{"id":3024,"date":"2023-04-12T16:20:21","date_gmt":"2023-04-12T14:20:21","guid":{"rendered":"https:\/\/www.migliormenu.it\/gustabacco\/prodotto\/import-placeholder-for-4881\/"},"modified":"2023-04-12T16:20:37","modified_gmt":"2023-04-12T14:20:37","slug":"grappa-barricata-due-barili-poli-700ml-astuccio-in-legno","status":"publish","type":"product","link":"https:\/\/www.migliormenu.it\/gustabacco\/prodotto\/grappa-barricata-due-barili-poli-700ml-astuccio-in-legno\/","title":{"rendered":"Grappa Barricata Due Barili Poli 700ml (Astuccio in legno)"},"content":{"rendered":"<h2>La Grappa Due Barili<\/h2>\n<p>La Grappa \u201cDue Barili\u201d di Jacopo Poli \u00e8 un distillato\u00a0morbido ed elegante, prodotto con le profumate vinacce dell\u2019uva Glera, provenienti dalla produzione del Prosecco. Una Grappa da monovitigno, di stampo prettamente territoriale, che grazie al lungo processo d\u2019affinamento in legno, seduce con aromi avvolgenti e complessi. Il bouquet \u00e8 raffinato ed esprime note di spezie dolci, frutta secca e frutta disidratata, sentori bois\u00e9 e di cioccolato. Il sorso \u00e8 vellutato, intenso e persistente.<\/p>\n<h2>Poli<\/h2>\n<p>Nel cuore del Veneto, a Schiavon, vicino a Bassano del Grappa, la distilleria Jacopo Poli nata nel 1898, \u00e8 considerata la pi\u00f9 famosa distilleria, dato che il Veneto \u00e8 da secoli la regione italiana pi\u00f9 rinomata per ci\u00f2 che riguarda la produzione di acquavite di vinaccia. Il sistema di distillazione adottato dalla distilleria Jacopo Poli \u00e8 fra i pi\u00f9 antichi ancora in funzione. I distillati prodotti, tutti ottenuti da materie prime sane e freschissime, sono artigianali e contraddistinti da una ricercata eleganza. Seguendo rigorosamente e costantemente ogni fase produttiva, arrivano a vedere la luce distillati davvero in grado di accontentare tutti i palati dei pi\u00f9 esigenti amanti del genere.<br \/>\nDalle Grappe ai Distillati di frutta, fino ad arrivare ai liquori, la Jacopo Poli offre una gamma adatta per tutti i gusti, sempre mantenendo allo stesso tempo elevatissimi gli standard qualitativi che propone.<\/p>\n","protected":false},"excerpt":{"rendered":"<p><strong>Alcol:\u00a0<\/strong>40%<\/p>\n<p><strong>Formato:\u00a0<\/strong>0.7l<\/p>\n<p><strong>Temperatura di servizio:\u00a0<\/strong>16\/18 \u00b0C<\/p>\n<p><strong>Momento per degustarlo:\u00a0<\/strong>Dopocena<\/p>\n<p><strong>Giudizio di Tannico:\u00a0<\/strong>80\/100<\/p>\n<p><strong>Tipologia:\u00a0<\/strong>Distillato<\/p>\n","protected":false},"featured_media":3045,"comment_status":"open","ping_status":"closed","template":"","meta":[],"yoast_head":"<!-- This site is optimized with the Yoast SEO plugin v15.7 - https:\/\/yoast.com\/wordpress\/plugins\/seo\/ -->\n<title>Grappa Barricata Due Barili Poli 700ml (Astuccio in legno) - Gustabacco - Menu Online<\/title>\n<meta name=\"robots\" content=\"index, follow, max-snippet:-1, max-image-preview:large, max-video-preview:-1\" \/>\n<link rel=\"canonical\" href=\"https:\/\/www.migliormenu.it\/gustabacco\/prodotto\/grappa-barricata-due-barili-poli-700ml-astuccio-in-legno\/\" \/>\n<meta property=\"og:locale\" content=\"it_IT\" \/>\n<meta property=\"og:type\" content=\"article\" \/>\n<meta property=\"og:title\" content=\"Grappa Barricata Due Barili Poli 700ml (Astuccio in legno) - Gustabacco - Menu Online\" \/>\n<meta property=\"og:description\" content=\"Alcol:\u00a040% Formato:\u00a00.7l Temperatura di servizio:\u00a016\/18 \u00b0C Momento per degustarlo:\u00a0Dopocena Giudizio di Tannico:\u00a080\/100 Tipologia:\u00a0Distillato\" \/>\n<meta property=\"og:url\" content=\"https:\/\/www.migliormenu.it\/gustabacco\/prodotto\/grappa-barricata-due-barili-poli-700ml-astuccio-in-legno\/\" \/>\n<meta property=\"og:site_name\" content=\"Gustabacco - Menu Online\" \/>\n<meta property=\"article:modified_time\" content=\"2023-04-12T14:20:37+00:00\" \/>\n<meta name=\"twitter:card\" content=\"summary_large_image\" \/>\n<meta name=\"twitter:label1\" content=\"Tempo di lettura stimato\">\n\t<meta name=\"twitter:data1\" content=\"1 minuto\">\n<script type=\"application\/ld+json\" class=\"yoast-schema-graph\">{\"@context\":\"https:\/\/schema.org\",\"@graph\":[{\"@type\":\"WebSite\",\"@id\":\"https:\/\/www.migliormenu.it\/gustabacco\/#website\",\"url\":\"https:\/\/www.migliormenu.it\/gustabacco\/\",\"name\":\"Gustabacco - Menu Online\",\"description\":\"Coffee, Food e Drink\",\"potentialAction\":[{\"@type\":\"SearchAction\",\"target\":\"https:\/\/www.migliormenu.it\/gustabacco\/?s={search_term_string}\",\"query-input\":\"required name=search_term_string\"}],\"inLanguage\":\"it-IT\"},{\"@type\":\"ImageObject\",\"@id\":\"https:\/\/www.migliormenu.it\/gustabacco\/prodotto\/grappa-barricata-due-barili-poli-700ml-astuccio-in-legno\/#primaryimage\",\"inLanguage\":\"it-IT\",\"url\":\"https:\/\/www.migliormenu.it\/gustabacco\/wp-content\/uploads\/2023\/04\/Poli-due-Barili.jpg\",\"width\":1180,\"height\":1180},{\"@type\":\"WebPage\",\"@id\":\"https:\/\/www.migliormenu.it\/gustabacco\/prodotto\/grappa-barricata-due-barili-poli-700ml-astuccio-in-legno\/#webpage\",\"url\":\"https:\/\/www.migliormenu.it\/gustabacco\/prodotto\/grappa-barricata-due-barili-poli-700ml-astuccio-in-legno\/\",\"name\":\"Grappa Barricata Due Barili Poli 700ml (Astuccio in legno) - Gustabacco - Menu Online\",\"isPartOf\":{\"@id\":\"https:\/\/www.migliormenu.it\/gustabacco\/#website\"},\"primaryImageOfPage\":{\"@id\":\"https:\/\/www.migliormenu.it\/gustabacco\/prodotto\/grappa-barricata-due-barili-poli-700ml-astuccio-in-legno\/#primaryimage\"},\"datePublished\":\"2023-04-12T14:20:21+00:00\",\"dateModified\":\"2023-04-12T14:20:37+00:00\",\"inLanguage\":\"it-IT\",\"potentialAction\":[{\"@type\":\"ReadAction\",\"target\":[\"https:\/\/www.migliormenu.it\/gustabacco\/prodotto\/grappa-barricata-due-barili-poli-700ml-astuccio-in-legno\/\"]}]}]}<\/script>\n<!-- \/ Yoast SEO plugin. -->","_links":{"self":[{"href":"https:\/\/www.migliormenu.it\/gustabacco\/wp-json\/wp\/v2\/product\/3024"}],"collection":[{"href":"https:\/\/www.migliormenu.it\/gustabacco\/wp-json\/wp\/v2\/product"}],"about":[{"href":"https:\/\/www.migliormenu.it\/gustabacco\/wp-json\/wp\/v2\/types\/product"}],"replies":[{"embeddable":true,"href":"https:\/\/www.migliormenu.it\/gustabacco\/wp-json\/wp\/v2\/comments?post=3024"}],"wp:featuredmedia":[{"embeddable":true,"href":"https:\/\/www.migliormenu.it\/gustabacco\/wp-json\/wp\/v2\/media\/3045"}],"wp:attachment":[{"href":"https:\/\/www.migliormenu.it\/gustabacco\/wp-json\/wp\/v2\/media?parent=3024"}],"curies":[{"name":"wp","href":"https:\/\/api.w.org\/{rel}","templated":true}]}}