{"id":3023,"date":"2023-04-12T16:20:21","date_gmt":"2023-04-12T14:20:21","guid":{"rendered":"https:\/\/www.migliormenu.it\/gustabacco\/prodotto\/import-placeholder-for-4879\/"},"modified":"2023-04-12T16:20:36","modified_gmt":"2023-04-12T14:20:36","slug":"grappa-cleopatra-moscato-oro-di-poli-700ml-in-tubo-di-metallo","status":"publish","type":"product","link":"https:\/\/www.migliormenu.it\/gustabacco\/prodotto\/grappa-cleopatra-moscato-oro-di-poli-700ml-in-tubo-di-metallo\/","title":{"rendered":"Grappa Cleopatra Moscato Oro di Poli 700ml (In Tubo di Metallo)"},"content":{"rendered":"<h2>La Grappa<\/h2>\n<p>Tutta la linea di grappe &ldquo;Cleopatra Oro&rdquo; viene prodotta usando un innovativo alambicco a bagno maria sotto vuoto, con cui si estraggono in maniera migliore i sentori, soprattutto floreali. Questa grappa di moscato \u00e8 ottenuta con vinacce di uve bianche dell&rsquo;omonimo vitigno, provenienti dai colli euganei. La Grappa di Moscato &ldquo;Cleopatra Moscato Oro&rdquo; di Jacopo Poli matura per un breve periodo in barili di rovere che ne completano la struttura. Sfarzosamente elegante.<\/p>\n<h2>Poli<\/h2>\n<p>Nel cuore del Veneto, a Schiavon, vicino a Bassano del Grappa, la distilleria Jacopo Poli nata nel 1898, \u00e8 considerata la pi\u00f9 famosa distilleria, dato che il Veneto \u00e8 da secoli la regione italiana pi\u00f9 rinomata per ci\u00f2 che riguarda la produzione di acquavite di vinaccia. Il sistema di distillazione adottato dalla distilleria Jacopo Poli \u00e8 fra i pi\u00f9 antichi ancora in funzione. I distillati prodotti, tutti ottenuti da materie prime sane e freschissime, sono artigianali e contraddistinti da una ricercata eleganza. Seguendo rigorosamente e costantemente ogni fase produttiva, arrivano a vedere la luce distillati davvero in grado di accontentare tutti i palati dei pi\u00f9 esigenti amanti del genere.<br \/>\nDalle Grappe ai Distillati di frutta, fino ad arrivare ai liquori, la Jacopo Poli offre una gamma adatta per tutti i gusti, sempre mantenendo allo stesso tempo elevatissimi gli standard qualitativi che propone.<\/p>\n","protected":false},"excerpt":{"rendered":"<p>Questa Grappa aromatica \u00e8 stata pazientemente custodita nelle cantine sotterranee della Distilleria in piccole botti di rovere francese. <span style=\"font-size: 1rem\">Cleopatra Moscato Oro \u00e8 ottenuta utilizzando con moderna competenza&nbsp;<\/span>Crysopea<span style=\"font-size: 1rem\">, il nostro innovativo alambicco a bagno maria sotto vuoto, che rappresenta la nostra strada nell&rsquo;evoluzione della distillazione.<\/span><\/p>\n<p><strong>Materia prima<\/strong>: vinaccia di Moscato Fior d&rsquo;Arancio e Moscato Bianco dei Colli Euganei<br \/>\n<strong>Distillazione<\/strong>: con l&rsquo;innovativo alambicco a bagnomaria Crysopea<br \/>\n<strong>Aroma<\/strong>: prato fiorito, frutta fresca e agrumi, miele, pasticceria<br \/>\n<strong>Gusto<\/strong>: morbido, pulito, estremamente elegante<br \/>\n<strong>Gradazione Al: <\/strong>40%<br \/>\n<strong>Formato:<\/strong> 700ml<br \/>\n<strong>Servizio<\/strong>: in un bicchiere a tulipano, a 18\/20 &deg;C.<\/p>\n","protected":false},"featured_media":3044,"comment_status":"open","ping_status":"closed","template":"","meta":[],"yoast_head":"<!-- This site is optimized with the Yoast SEO plugin v15.7 - https:\/\/yoast.com\/wordpress\/plugins\/seo\/ -->\n<title>Grappa Cleopatra Moscato Oro di Poli 700ml (In Tubo di Metallo) - Gustabacco - Menu Online<\/title>\n<meta name=\"robots\" content=\"index, follow, max-snippet:-1, max-image-preview:large, max-video-preview:-1\" \/>\n<link rel=\"canonical\" href=\"https:\/\/www.migliormenu.it\/gustabacco\/prodotto\/grappa-cleopatra-moscato-oro-di-poli-700ml-in-tubo-di-metallo\/\" \/>\n<meta property=\"og:locale\" content=\"it_IT\" \/>\n<meta property=\"og:type\" content=\"article\" \/>\n<meta property=\"og:title\" content=\"Grappa Cleopatra Moscato Oro di Poli 700ml (In Tubo di Metallo) - Gustabacco - Menu Online\" \/>\n<meta property=\"og:description\" content=\"Questa Grappa aromatica \u00e8 stata pazientemente custodita nelle cantine sotterranee della Distilleria in piccole botti di rovere francese. Cleopatra Moscato Oro \u00e8 ottenuta utilizzando con moderna competenza&nbsp;Crysopea, il nostro innovativo alambicco a bagno maria sotto vuoto, che rappresenta la nostra strada nell&rsquo;evoluzione della distillazione. Materia prima: vinaccia di Moscato Fior d&rsquo;Arancio e Moscato Bianco dei Colli Euganei Distillazione: con l&rsquo;innovativo alambicco a bagnomaria Crysopea Aroma: prato fiorito, frutta fresca e agrumi, miele, pasticceria Gusto: morbido, pulito, estremamente elegante Gradazione Al: 40% Formato: 700ml Servizio: in un bicchiere a tulipano, a 18\/20 &deg;C.\" \/>\n<meta property=\"og:url\" content=\"https:\/\/www.migliormenu.it\/gustabacco\/prodotto\/grappa-cleopatra-moscato-oro-di-poli-700ml-in-tubo-di-metallo\/\" \/>\n<meta property=\"og:site_name\" content=\"Gustabacco - Menu Online\" \/>\n<meta property=\"article:modified_time\" content=\"2023-04-12T14:20:36+00:00\" \/>\n<meta name=\"twitter:card\" content=\"summary_large_image\" \/>\n<meta name=\"twitter:label1\" content=\"Tempo di lettura stimato\">\n\t<meta name=\"twitter:data1\" content=\"1 minuto\">\n<script type=\"application\/ld+json\" class=\"yoast-schema-graph\">{\"@context\":\"https:\/\/schema.org\",\"@graph\":[{\"@type\":\"WebSite\",\"@id\":\"https:\/\/www.migliormenu.it\/gustabacco\/#website\",\"url\":\"https:\/\/www.migliormenu.it\/gustabacco\/\",\"name\":\"Gustabacco - Menu Online\",\"description\":\"Coffee, Food e Drink\",\"potentialAction\":[{\"@type\":\"SearchAction\",\"target\":\"https:\/\/www.migliormenu.it\/gustabacco\/?s={search_term_string}\",\"query-input\":\"required name=search_term_string\"}],\"inLanguage\":\"it-IT\"},{\"@type\":\"ImageObject\",\"@id\":\"https:\/\/www.migliormenu.it\/gustabacco\/prodotto\/grappa-cleopatra-moscato-oro-di-poli-700ml-in-tubo-di-metallo\/#primaryimage\",\"inLanguage\":\"it-IT\",\"url\":\"https:\/\/www.migliormenu.it\/gustabacco\/wp-content\/uploads\/2023\/04\/poli-cleopatra.jpg\",\"width\":1180,\"height\":1180},{\"@type\":\"WebPage\",\"@id\":\"https:\/\/www.migliormenu.it\/gustabacco\/prodotto\/grappa-cleopatra-moscato-oro-di-poli-700ml-in-tubo-di-metallo\/#webpage\",\"url\":\"https:\/\/www.migliormenu.it\/gustabacco\/prodotto\/grappa-cleopatra-moscato-oro-di-poli-700ml-in-tubo-di-metallo\/\",\"name\":\"Grappa Cleopatra Moscato Oro di Poli 700ml (In Tubo di Metallo) - Gustabacco - Menu Online\",\"isPartOf\":{\"@id\":\"https:\/\/www.migliormenu.it\/gustabacco\/#website\"},\"primaryImageOfPage\":{\"@id\":\"https:\/\/www.migliormenu.it\/gustabacco\/prodotto\/grappa-cleopatra-moscato-oro-di-poli-700ml-in-tubo-di-metallo\/#primaryimage\"},\"datePublished\":\"2023-04-12T14:20:21+00:00\",\"dateModified\":\"2023-04-12T14:20:36+00:00\",\"inLanguage\":\"it-IT\",\"potentialAction\":[{\"@type\":\"ReadAction\",\"target\":[\"https:\/\/www.migliormenu.it\/gustabacco\/prodotto\/grappa-cleopatra-moscato-oro-di-poli-700ml-in-tubo-di-metallo\/\"]}]}]}<\/script>\n<!-- \/ Yoast SEO plugin. -->","_links":{"self":[{"href":"https:\/\/www.migliormenu.it\/gustabacco\/wp-json\/wp\/v2\/product\/3023"}],"collection":[{"href":"https:\/\/www.migliormenu.it\/gustabacco\/wp-json\/wp\/v2\/product"}],"about":[{"href":"https:\/\/www.migliormenu.it\/gustabacco\/wp-json\/wp\/v2\/types\/product"}],"replies":[{"embeddable":true,"href":"https:\/\/www.migliormenu.it\/gustabacco\/wp-json\/wp\/v2\/comments?post=3023"}],"wp:featuredmedia":[{"embeddable":true,"href":"https:\/\/www.migliormenu.it\/gustabacco\/wp-json\/wp\/v2\/media\/3044"}],"wp:attachment":[{"href":"https:\/\/www.migliormenu.it\/gustabacco\/wp-json\/wp\/v2\/media?parent=3023"}],"curies":[{"name":"wp","href":"https:\/\/api.w.org\/{rel}","templated":true}]}}