{"id":3019,"date":"2023-04-12T16:20:21","date_gmt":"2023-04-12T14:20:21","guid":{"rendered":"https:\/\/www.migliormenu.it\/gustabacco\/prodotto\/import-placeholder-for-4862\/"},"modified":"2023-04-12T16:20:32","modified_gmt":"2023-04-12T14:20:32","slug":"glasgow-distillery-1770-single-malt-peated-whisky-05l","status":"publish","type":"product","link":"https:\/\/www.migliormenu.it\/gustabacco\/prodotto\/glasgow-distillery-1770-single-malt-peated-whisky-05l\/","title":{"rendered":"Glasgow Distillery 1770 Single Malt Peated Whisky 0,5L"},"content":{"rendered":"<p>Scotch Whiskey Scozzese<\/p>\n<p>La distilleria originale di Glasgow \u00e8 stata costruita nel 1770 &#8211; in seguito la distilleria \u00e8 stata rilevata e alla fine anche chiusa, ma nel 2013 c&#039;\u00e8 stato un raggio di speranza. La distilleria \u00e8 stata fondata di recente e la produzione \u00e8 ricominciata nel 2014. Questo nobile single smoky malt \u00e8 prodotto con il migliore orzo, non contiene coloranti e non \u00e8 filtrato a freddo. L&#039;acqua limpida di Loch Katrine e la maturazione in botti di ex bourbon fanno sicuramente di questo whisky qualcosa di speciale.<\/p>\n","protected":false},"excerpt":{"rendered":"<p><strong>Tipologia<\/strong> Whisky<\/p>\n<p><strong>Provenienza<\/strong> Regno Unito<\/p>\n<p><strong>Affinamento<\/strong> in botte di legno<\/p>\n<p><strong>Grado Alcolico<\/strong> 46.0%<\/p>\n<div><strong>Formato<\/strong> 50 cl &ndash; con confezione<\/div>\n<p>&nbsp;<\/p>\n","protected":false},"featured_media":3040,"comment_status":"open","ping_status":"closed","template":"","meta":[],"yoast_head":"<!-- This site is optimized with the Yoast SEO plugin v15.7 - https:\/\/yoast.com\/wordpress\/plugins\/seo\/ -->\n<title>Glasgow Distillery 1770 Single Malt Peated Whisky 0,5L - Gustabacco - Menu Online<\/title>\n<meta name=\"robots\" content=\"index, follow, max-snippet:-1, max-image-preview:large, max-video-preview:-1\" \/>\n<link rel=\"canonical\" href=\"https:\/\/www.migliormenu.it\/gustabacco\/prodotto\/glasgow-distillery-1770-single-malt-peated-whisky-05l\/\" \/>\n<meta property=\"og:locale\" content=\"it_IT\" \/>\n<meta property=\"og:type\" content=\"article\" \/>\n<meta property=\"og:title\" content=\"Glasgow Distillery 1770 Single Malt Peated Whisky 0,5L - Gustabacco - Menu Online\" \/>\n<meta property=\"og:description\" content=\"Tipologia Whisky Provenienza Regno Unito Affinamento in botte di legno Grado Alcolico 46.0% Formato 50 cl &ndash; con confezione &nbsp;\" \/>\n<meta property=\"og:url\" content=\"https:\/\/www.migliormenu.it\/gustabacco\/prodotto\/glasgow-distillery-1770-single-malt-peated-whisky-05l\/\" \/>\n<meta property=\"og:site_name\" content=\"Gustabacco - Menu Online\" \/>\n<meta property=\"article:modified_time\" content=\"2023-04-12T14:20:32+00:00\" \/>\n<meta name=\"twitter:card\" content=\"summary_large_image\" \/>\n<script type=\"application\/ld+json\" class=\"yoast-schema-graph\">{\"@context\":\"https:\/\/schema.org\",\"@graph\":[{\"@type\":\"WebSite\",\"@id\":\"https:\/\/www.migliormenu.it\/gustabacco\/#website\",\"url\":\"https:\/\/www.migliormenu.it\/gustabacco\/\",\"name\":\"Gustabacco - Menu Online\",\"description\":\"Coffee, Food e Drink\",\"potentialAction\":[{\"@type\":\"SearchAction\",\"target\":\"https:\/\/www.migliormenu.it\/gustabacco\/?s={search_term_string}\",\"query-input\":\"required name=search_term_string\"}],\"inLanguage\":\"it-IT\"},{\"@type\":\"ImageObject\",\"@id\":\"https:\/\/www.migliormenu.it\/gustabacco\/prodotto\/glasgow-distillery-1770-single-malt-peated-whisky-05l\/#primaryimage\",\"inLanguage\":\"it-IT\",\"url\":\"https:\/\/www.migliormenu.it\/gustabacco\/wp-content\/uploads\/2023\/04\/1770-Glasgow.jpg\",\"width\":1180,\"height\":1180},{\"@type\":\"WebPage\",\"@id\":\"https:\/\/www.migliormenu.it\/gustabacco\/prodotto\/glasgow-distillery-1770-single-malt-peated-whisky-05l\/#webpage\",\"url\":\"https:\/\/www.migliormenu.it\/gustabacco\/prodotto\/glasgow-distillery-1770-single-malt-peated-whisky-05l\/\",\"name\":\"Glasgow Distillery 1770 Single Malt Peated Whisky 0,5L - Gustabacco - Menu Online\",\"isPartOf\":{\"@id\":\"https:\/\/www.migliormenu.it\/gustabacco\/#website\"},\"primaryImageOfPage\":{\"@id\":\"https:\/\/www.migliormenu.it\/gustabacco\/prodotto\/glasgow-distillery-1770-single-malt-peated-whisky-05l\/#primaryimage\"},\"datePublished\":\"2023-04-12T14:20:21+00:00\",\"dateModified\":\"2023-04-12T14:20:32+00:00\",\"inLanguage\":\"it-IT\",\"potentialAction\":[{\"@type\":\"ReadAction\",\"target\":[\"https:\/\/www.migliormenu.it\/gustabacco\/prodotto\/glasgow-distillery-1770-single-malt-peated-whisky-05l\/\"]}]}]}<\/script>\n<!-- \/ Yoast SEO plugin. -->","_links":{"self":[{"href":"https:\/\/www.migliormenu.it\/gustabacco\/wp-json\/wp\/v2\/product\/3019"}],"collection":[{"href":"https:\/\/www.migliormenu.it\/gustabacco\/wp-json\/wp\/v2\/product"}],"about":[{"href":"https:\/\/www.migliormenu.it\/gustabacco\/wp-json\/wp\/v2\/types\/product"}],"replies":[{"embeddable":true,"href":"https:\/\/www.migliormenu.it\/gustabacco\/wp-json\/wp\/v2\/comments?post=3019"}],"wp:featuredmedia":[{"embeddable":true,"href":"https:\/\/www.migliormenu.it\/gustabacco\/wp-json\/wp\/v2\/media\/3040"}],"wp:attachment":[{"href":"https:\/\/www.migliormenu.it\/gustabacco\/wp-json\/wp\/v2\/media?parent=3019"}],"curies":[{"name":"wp","href":"https:\/\/api.w.org\/{rel}","templated":true}]}}