{"id":2936,"date":"2023-04-12T16:19:31","date_gmt":"2023-04-12T14:19:31","guid":{"rendered":"https:\/\/www.migliormenu.it\/gustabacco\/prodotto\/import-placeholder-for-4345\/"},"modified":"2023-04-12T16:19:35","modified_gmt":"2023-04-12T14:19:35","slug":"london-dry-gin-elephant-gin-elephant-gin","status":"publish","type":"product","link":"https:\/\/www.migliormenu.it\/gustabacco\/prodotto\/london-dry-gin-elephant-gin-elephant-gin\/","title":{"rendered":"London Dry Gin \u201cElephant Gin\u201d Elephant Gin"},"content":{"rendered":"<h1>NOTE DI DEGUSTAZIONE<\/h1>\n<p>Al naso questo London Dry Gin della distilleria Elephant Gin si presenta complesso e aromatico con sentori floreali, erbacei, di pino e ginepro, arricchiti da essenze botaniche esotiche e note speziate. Il sorso \u00e8 equilibrato, morbido, molto persistente e gradevole. &ldquo;Elephant Gin&rdquo; Chiude su delicate e piacevoli note floreali, di spezie e frutta fresca.<\/p>\n<h1>DESCRIZIONE<\/h1>\n<p>La meticolosa ricerca dei migliori ingredienti europei e africani, la macerazione lenta e la distillazione tradizionale in rame, contribuiscono a creare un Gin dal profilo estremamente aromatico, che sorprende per complessit\u00e0 e purezza di sentori e sapori. Un London Dry Gin innovativo e di altissimo livello che unisce qualit\u00e0 superiore, sostenibilit\u00e0, etica e passione.<\/p>\n<h1>PRODUZIONE<\/h1>\n<p>La distilleria Elephant Gin produce e imbottiglia il suo London Dry Gin nei pressi di Amburgo, in Germania, con passione, integrit\u00e0 e rigore tedesco, utilizzando esclusivamente materie prime naturali, metodi artigianali sostenibili, creando cos\u00ec un distillato fatto a mano unico nel suo genere. Ogni fase della produzione \u00e8 curata nei minimi dettagli, dalla distillazione tradizionale in alambicchi di rame, alla selezione e all&#039;utilizzo di 14 prodotti botanici europei e africani, estremamente ricercati, naturali e della migliore qualit\u00e0.<br \/>\nTra questi, rigorosamente selezionati a mano, troviamo frutti, piante, spezie e radici scelte in tutto il mondo, accostando botaniche esotiche &#8211; come il Buchu (simile al ribes nero e originario delle montagne del Sud Africa), l&#039;Artiglio del Diavolo e il &ldquo;superfrutto&rdquo; del Baobab -, a ingredienti pi\u00f9 comuni come mele dalla Germania, ginepro europeo, zenzero dalla Cina e scorze d&#039;agrumi spagnole. Tutti gli ingredienti vengono riuniti e lasciati a macerare insieme per un giorno intero, per poi essere sottoposti a distillazione in alambicchi di rame, dove si separa la testa dalla coda, per ottenere un distillato di eccezionale qualit\u00e0 e purezza.<br \/>\nL&#039;elegante bottiglia dallo stile vintage, creata appositamente e su misura per questo Dry Gin, \u00e8 impreziosita dal tappo di sughero naturale portoghese e dall&#039;intrigante etichetta, decorata a mano e numerata, che ricorda un&rsquo;antica mappa africana, assicurandone cos\u00ec l&#039;unicit\u00e0 ed esaltando l&#039;essenza dell&#039;Africa e lo spirito d&#039;avventura degli antichi esploratori.<br \/>\nProdotto in piccoli lotti di 600-700 bottiglie, questo botanic Gin dai tratti floreali, erbacei e speziati, \u00e8 ispirato dal grande amore per le esplorazioni, per l&#039;Africa e per la sua meravigliosa fauna selvatica. In particolare, Elephant Gin contribuisce attivamente, tramite la donazione del 15% dei profitti, a due fondazioni che sostengono e proteggono la vita della fauna africana e in particolare degli elefanti: la Big Life Foundation e la Space fon Elephants Foundation.<br \/>\nElephant produce inoltre la versione Sloe Gin, arricchita da bacche di prugnolo macerate, tipica variante inglese, dolce ma non troppo.<\/p>\n","protected":false},"excerpt":{"rendered":"<p><strong>Gradazione Alcolica: <\/strong>45% Vol<\/p>\n<p><strong>Formato:&nbsp;<\/strong>0.5l<\/p>\n<p><strong>Temperatura di servizio:&nbsp;<\/strong>4\/6 &deg;C<\/p>\n<p><strong>Momento per degustarlo:&nbsp;<\/strong>Cocktail party<\/p>\n<p><strong>Tipologia:&nbsp;<\/strong>Distillato<\/p>\n","protected":false},"featured_media":2942,"comment_status":"open","ping_status":"closed","template":"","meta":[],"yoast_head":"<!-- This site is optimized with the Yoast SEO plugin v15.7 - https:\/\/yoast.com\/wordpress\/plugins\/seo\/ -->\n<title>London Dry Gin \u201cElephant Gin\u201d Elephant Gin - Gustabacco - Menu Online<\/title>\n<meta name=\"robots\" content=\"index, follow, max-snippet:-1, max-image-preview:large, max-video-preview:-1\" \/>\n<link rel=\"canonical\" href=\"https:\/\/www.migliormenu.it\/gustabacco\/prodotto\/london-dry-gin-elephant-gin-elephant-gin\/\" \/>\n<meta property=\"og:locale\" content=\"it_IT\" \/>\n<meta property=\"og:type\" content=\"article\" \/>\n<meta property=\"og:title\" content=\"London Dry Gin \u201cElephant Gin\u201d Elephant Gin - Gustabacco - Menu Online\" \/>\n<meta property=\"og:description\" content=\"Gradazione Alcolica: 45% Vol Formato:&nbsp;0.5l Temperatura di servizio:&nbsp;4\/6 &deg;C Momento per degustarlo:&nbsp;Cocktail party Tipologia:&nbsp;Distillato\" \/>\n<meta property=\"og:url\" content=\"https:\/\/www.migliormenu.it\/gustabacco\/prodotto\/london-dry-gin-elephant-gin-elephant-gin\/\" \/>\n<meta property=\"og:site_name\" content=\"Gustabacco - Menu Online\" \/>\n<meta property=\"article:modified_time\" content=\"2023-04-12T14:19:35+00:00\" \/>\n<meta name=\"twitter:card\" content=\"summary_large_image\" \/>\n<meta name=\"twitter:label1\" content=\"Tempo di lettura stimato\">\n\t<meta name=\"twitter:data1\" content=\"2 minuti\">\n<script type=\"application\/ld+json\" class=\"yoast-schema-graph\">{\"@context\":\"https:\/\/schema.org\",\"@graph\":[{\"@type\":\"WebSite\",\"@id\":\"https:\/\/www.migliormenu.it\/gustabacco\/#website\",\"url\":\"https:\/\/www.migliormenu.it\/gustabacco\/\",\"name\":\"Gustabacco - Menu Online\",\"description\":\"Coffee, Food e Drink\",\"potentialAction\":[{\"@type\":\"SearchAction\",\"target\":\"https:\/\/www.migliormenu.it\/gustabacco\/?s={search_term_string}\",\"query-input\":\"required name=search_term_string\"}],\"inLanguage\":\"it-IT\"},{\"@type\":\"ImageObject\",\"@id\":\"https:\/\/www.migliormenu.it\/gustabacco\/prodotto\/london-dry-gin-elephant-gin-elephant-gin\/#primaryimage\",\"inLanguage\":\"it-IT\",\"url\":\"https:\/\/www.migliormenu.it\/gustabacco\/wp-content\/uploads\/2023\/04\/1k_75cl-in-su_7_63.jpg\",\"width\":1000,\"height\":1000},{\"@type\":\"WebPage\",\"@id\":\"https:\/\/www.migliormenu.it\/gustabacco\/prodotto\/london-dry-gin-elephant-gin-elephant-gin\/#webpage\",\"url\":\"https:\/\/www.migliormenu.it\/gustabacco\/prodotto\/london-dry-gin-elephant-gin-elephant-gin\/\",\"name\":\"London Dry Gin \\u201cElephant Gin\\u201d Elephant Gin - Gustabacco - Menu Online\",\"isPartOf\":{\"@id\":\"https:\/\/www.migliormenu.it\/gustabacco\/#website\"},\"primaryImageOfPage\":{\"@id\":\"https:\/\/www.migliormenu.it\/gustabacco\/prodotto\/london-dry-gin-elephant-gin-elephant-gin\/#primaryimage\"},\"datePublished\":\"2023-04-12T14:19:31+00:00\",\"dateModified\":\"2023-04-12T14:19:35+00:00\",\"inLanguage\":\"it-IT\",\"potentialAction\":[{\"@type\":\"ReadAction\",\"target\":[\"https:\/\/www.migliormenu.it\/gustabacco\/prodotto\/london-dry-gin-elephant-gin-elephant-gin\/\"]}]}]}<\/script>\n<!-- \/ Yoast SEO plugin. -->","_links":{"self":[{"href":"https:\/\/www.migliormenu.it\/gustabacco\/wp-json\/wp\/v2\/product\/2936"}],"collection":[{"href":"https:\/\/www.migliormenu.it\/gustabacco\/wp-json\/wp\/v2\/product"}],"about":[{"href":"https:\/\/www.migliormenu.it\/gustabacco\/wp-json\/wp\/v2\/types\/product"}],"replies":[{"embeddable":true,"href":"https:\/\/www.migliormenu.it\/gustabacco\/wp-json\/wp\/v2\/comments?post=2936"}],"wp:featuredmedia":[{"embeddable":true,"href":"https:\/\/www.migliormenu.it\/gustabacco\/wp-json\/wp\/v2\/media\/2942"}],"wp:attachment":[{"href":"https:\/\/www.migliormenu.it\/gustabacco\/wp-json\/wp\/v2\/media?parent=2936"}],"curies":[{"name":"wp","href":"https:\/\/api.w.org\/{rel}","templated":true}]}}