{"id":2911,"date":"2023-04-12T16:19:16","date_gmt":"2023-04-12T14:19:16","guid":{"rendered":"https:\/\/www.migliormenu.it\/gustabacco\/prodotto\/import-placeholder-for-4226\/"},"modified":"2023-04-12T16:19:27","modified_gmt":"2023-04-12T14:19:27","slug":"japanese-blended-whisky-kensei","status":"publish","type":"product","link":"https:\/\/www.migliormenu.it\/gustabacco\/prodotto\/japanese-blended-whisky-kensei\/","title":{"rendered":"Japanese Blended Whisky Kensei"},"content":{"rendered":"<h1>NOTE DI DEGUSTAZIONE<\/h1>\n<p>Il Whisky Blended realizzato da Kensei si annuncia all&rsquo;esame visivo con un colore che richiama il dorato, decisamente intenso. Il profilo olfattivo viene tracciato su&nbsp;sensazioni fresche e avvolgenti, che dal fruttato virano verso il bois\u00e8 e i fiori appassiti, con tocchi che rimandano anche al miele. Al palato \u00e8 di buon corpo, morbido e sottile, con un sorso contraddistinto da un gusto speziato e tostato. Un distillato di piacevole fattura, ottimo da sorseggiare nelle serate pi\u00f9 riflessive, in cui progetti, idee e conversazioni vengono accompagnate da una beva pi\u00f9 che appagante.<\/p>\n<h1>DESCRIZIONE<\/h1>\n<p>Il Whisky Blended realizzato dalla Kensei nasce da un attento processo lavorativo, che vede il team della distilleria impegnato nel selezionare partite di Whisky gi\u00e0 pronte, invecchiate per diversi periodi in botti di rovere di piccole dimensioni, per poi tagliarle fra loro, cos\u00ec da fondere le diverse anime all&rsquo;interno di un unico corpo. Questo Blended colpisce sin dai primi istanti per il profilo,&nbsp;delicato e armonioso, che non nasconde per\u00f2 il proprio carattere e la propria personalit\u00e0, costituite da profumi e sensazioni che avvolgono naso e palato con la giusta intensit\u00e0. Un&rsquo;energia che scorre quindi con il dovuto controllo, dando origine a un&rsquo;esperienza degustativa davvero deliziosa, merito del grande lavoro svolto dalla distilleria Kensei. Una bottiglia che merita un assaggio attento.<\/p>\n<p>Questo Blended Whisky nasce da un&nbsp;meticoloso processo di selezione&nbsp;svolto dal team della distilleria Kensei, realt\u00e0 produttiva situata fra Kanagawa e il profilo a dir poco imponente delle montagne che circondano Nagano. Questo prodotto viene assemblato partendo da una scelta fra diversi Whisky invecchiati in piccole botti di rovere, che vengono tagliati per dare origine a un Blended dai profumi e dai sapori delicati.<\/p>\n<h1>PRODUZIONE<\/h1>\n<p>Kensei \u00e8 una realt\u00e0 distillatrice giapponese, il cui nome significa in italiano &ldquo;fiume puro&rdquo;. Si tratta di una distilleria situata fra la&nbsp;prefettura di Kaganawa, la cui capitale \u00e8 Yokohama, e le splendide montagne che circondano la citt\u00e0 di Nagano. Qui le giornate passano scandite dal ritmo delle abitudini, e il team della distilleria lavora con passione e dedizione per dare vita a un prodotto in particolare, il Whisky Blended. Un&rsquo;etichetta che \u00e8 frutto di una selezione di lotti di Whisky gi\u00e0 pronti, affinati in botti di rovere di piccole dimensioni per diversi periodi, tagliati fra loro, cos\u00ec da fondere le diverse anime originarie all&rsquo;interno di un unico prodotto. Una bottiglia dai profumi eleganti, che scorre al palato con&nbsp;raffinatezza e leggerezza, senza per\u00f2 nascondere il proprio carattere.<\/p>\n<p>Il Whisky Blended di Kensei \u00e8 un bell&rsquo;esempio del percorso che la produzione di Whisky ha avuto in Giappone negli ultimi vent&rsquo;anni. In realt\u00e0 in questa nazione dell&rsquo;estremo oriente l&rsquo;epopea del malto ha un inizio ben antecedente al nuovo millennio. Sin&nbsp;dagli anni &rsquo;20&nbsp;infatti, soprattutto nella prefettura di Osaka, si era soliti dedicarsi alla&nbsp;distillazione del malto d&rsquo;orzo, realizzando prodotti di ottima qualit\u00e0. Da allora il percorso del Whisky giapponese inizi\u00f2 una lenta ma costante ascesa, grazie anche al sorgere di diverse distillerie che, fra gli anni &rsquo;70 e &rsquo;80, oltre a dedicarsi alla creazione di liquori locali, guardavano allo sviluppo del Whisky scozzese con interesse, cercando di carpirne i segreti pi\u00f9 intimi, cos\u00ec da poter tenere il passo con le innovazioni e le tecniche pi\u00f9 recenti. Giungendo intorno all&rsquo;anno 2000, si arriva a una data davvero storica: nel 2001 infatti un Whisky giapponese viene eletto dal comitato del World Whisky Awards come miglior prodotto al mondo. Un vero e proprio momento spartiacque, che segna il passaggio in cui l&rsquo;allievo, il Giappone, supera il maestro, la Scozia.<\/p>\n<p>Oggi i Whisky realizzati in Giappone, sia Single Malt che Blended, sono sempre pi\u00f9 presenti all&rsquo;interno dei canali commerciali classici, costituendo una valida alternativa per gli appassionati che vogliono provare qualcosa di nuovo. Una scena in continuo fermento, che vede sorgere realt\u00e0 come Kensei, pronta, con il suo Blended Whisky, a conquistare fette sempre maggiori di mercato.<\/p>\n","protected":false},"excerpt":{"rendered":"<p><strong>Gradazione Alcolica:&nbsp;<\/strong>40% Vol<\/p>\n<p><strong>Formato:&nbsp;<\/strong>70cl<\/p>\n<p><strong>Affinamento:&nbsp;<\/strong>Alcuni anni in piccole botti di rovere<\/p>\n<p><strong>Temp. di servizio:&nbsp;<\/strong>16\/18&deg;C<\/p>\n<p><strong>Distilleria:&nbsp;<\/strong>kensei<\/p>\n<p><strong>Nazione:&nbsp;<\/strong>Giappone<\/p>\n","protected":false},"featured_media":2926,"comment_status":"open","ping_status":"closed","template":"","meta":[],"yoast_head":"<!-- This site is optimized with the Yoast SEO plugin v15.7 - https:\/\/yoast.com\/wordpress\/plugins\/seo\/ -->\n<title>Japanese Blended Whisky Kensei - Gustabacco - Menu Online<\/title>\n<meta name=\"robots\" content=\"index, follow, max-snippet:-1, max-image-preview:large, max-video-preview:-1\" \/>\n<link rel=\"canonical\" href=\"https:\/\/www.migliormenu.it\/gustabacco\/prodotto\/japanese-blended-whisky-kensei\/\" \/>\n<meta property=\"og:locale\" content=\"it_IT\" \/>\n<meta property=\"og:type\" content=\"article\" \/>\n<meta property=\"og:title\" content=\"Japanese Blended Whisky Kensei - Gustabacco - Menu Online\" \/>\n<meta property=\"og:description\" content=\"Gradazione Alcolica:&nbsp;40% Vol Formato:&nbsp;70cl Affinamento:&nbsp;Alcuni anni in piccole botti di rovere Temp. di servizio:&nbsp;16\/18&deg;C Distilleria:&nbsp;kensei Nazione:&nbsp;Giappone\" \/>\n<meta property=\"og:url\" content=\"https:\/\/www.migliormenu.it\/gustabacco\/prodotto\/japanese-blended-whisky-kensei\/\" \/>\n<meta property=\"og:site_name\" content=\"Gustabacco - Menu Online\" \/>\n<meta property=\"article:modified_time\" content=\"2023-04-12T14:19:27+00:00\" \/>\n<meta name=\"twitter:card\" content=\"summary_large_image\" \/>\n<meta name=\"twitter:label1\" content=\"Tempo di lettura stimato\">\n\t<meta name=\"twitter:data1\" content=\"3 minuti\">\n<script type=\"application\/ld+json\" class=\"yoast-schema-graph\">{\"@context\":\"https:\/\/schema.org\",\"@graph\":[{\"@type\":\"WebSite\",\"@id\":\"https:\/\/www.migliormenu.it\/gustabacco\/#website\",\"url\":\"https:\/\/www.migliormenu.it\/gustabacco\/\",\"name\":\"Gustabacco - Menu Online\",\"description\":\"Coffee, Food e Drink\",\"potentialAction\":[{\"@type\":\"SearchAction\",\"target\":\"https:\/\/www.migliormenu.it\/gustabacco\/?s={search_term_string}\",\"query-input\":\"required name=search_term_string\"}],\"inLanguage\":\"it-IT\"},{\"@type\":\"ImageObject\",\"@id\":\"https:\/\/www.migliormenu.it\/gustabacco\/prodotto\/japanese-blended-whisky-kensei\/#primaryimage\",\"inLanguage\":\"it-IT\",\"url\":\"https:\/\/www.migliormenu.it\/gustabacco\/wp-content\/uploads\/2023\/04\/whisky-japonais-kensei-blended.jpg\",\"width\":600,\"height\":600},{\"@type\":\"WebPage\",\"@id\":\"https:\/\/www.migliormenu.it\/gustabacco\/prodotto\/japanese-blended-whisky-kensei\/#webpage\",\"url\":\"https:\/\/www.migliormenu.it\/gustabacco\/prodotto\/japanese-blended-whisky-kensei\/\",\"name\":\"Japanese Blended Whisky Kensei - Gustabacco - Menu Online\",\"isPartOf\":{\"@id\":\"https:\/\/www.migliormenu.it\/gustabacco\/#website\"},\"primaryImageOfPage\":{\"@id\":\"https:\/\/www.migliormenu.it\/gustabacco\/prodotto\/japanese-blended-whisky-kensei\/#primaryimage\"},\"datePublished\":\"2023-04-12T14:19:16+00:00\",\"dateModified\":\"2023-04-12T14:19:27+00:00\",\"inLanguage\":\"it-IT\",\"potentialAction\":[{\"@type\":\"ReadAction\",\"target\":[\"https:\/\/www.migliormenu.it\/gustabacco\/prodotto\/japanese-blended-whisky-kensei\/\"]}]}]}<\/script>\n<!-- \/ Yoast SEO plugin. -->","_links":{"self":[{"href":"https:\/\/www.migliormenu.it\/gustabacco\/wp-json\/wp\/v2\/product\/2911"}],"collection":[{"href":"https:\/\/www.migliormenu.it\/gustabacco\/wp-json\/wp\/v2\/product"}],"about":[{"href":"https:\/\/www.migliormenu.it\/gustabacco\/wp-json\/wp\/v2\/types\/product"}],"replies":[{"embeddable":true,"href":"https:\/\/www.migliormenu.it\/gustabacco\/wp-json\/wp\/v2\/comments?post=2911"}],"wp:featuredmedia":[{"embeddable":true,"href":"https:\/\/www.migliormenu.it\/gustabacco\/wp-json\/wp\/v2\/media\/2926"}],"wp:attachment":[{"href":"https:\/\/www.migliormenu.it\/gustabacco\/wp-json\/wp\/v2\/media?parent=2911"}],"curies":[{"name":"wp","href":"https:\/\/api.w.org\/{rel}","templated":true}]}}