{"id":2894,"date":"2023-04-12T16:19:08","date_gmt":"2023-04-12T14:19:08","guid":{"rendered":"https:\/\/www.migliormenu.it\/gustabacco\/prodotto\/import-placeholder-for-4105\/"},"modified":"2023-04-12T16:19:11","modified_gmt":"2023-04-12T14:19:11","slug":"blended-whisky-tokinoka-white-oak-distillery","status":"publish","type":"product","link":"https:\/\/www.migliormenu.it\/gustabacco\/prodotto\/blended-whisky-tokinoka-white-oak-distillery\/","title":{"rendered":"Blended Whisky \u201cTokinoka\u201d White Oak Distillery"},"content":{"rendered":"<h1>NOTE DI DEGUSTAZIONE<\/h1>\n<p>Ambrato intenso alla vista. \u00c8 caratterizzato da sentori olfattivi prevalentemente fruttati, che richiamano alla mente in particolare le albicocche e la frutta secca, e sono arricchiti da sfumature mielate. L&rsquo;assaggio ricalca il naso, dimostrandosi corposo ma scorrevole nel contempo. Buona la persistenza.<\/p>\n<h1>DESCRIZIONE<\/h1>\n<p>In giapponese, la parola &ldquo;Tokinoka&rdquo; significa letteralmente &ldquo;profumo del tempo&rdquo;, ed \u00e8 proprio alle antiche tradizioni che il Blended Whisky &ldquo;Tokinoka&rdquo;, della White Oak Distillery, riconduce la mente, portandola alle origini del Whisky orientale. Morbido e rotondo, \u00e8 il prodotto ideale per chiunque voglia approcciarsi per la prima volta ai Whisky giapponesi.<\/p>\n<h1>PRODUZIONE<\/h1>\n<p>La storia del Whisky giapponese \u00e8 strettamente connessa con quella del giovane studente di chimica Masataka Taketsuru, che dopo la Prima Guerra Mondiale si rec\u00f2 in Scozia per apprendere il metodo della produzione di acquaviti di malto. Al suo ritorno, Taketsuru decise di fondare la distilleria Nikka, oggi rinomata per l&rsquo;alta qualit\u00e0 dei distillati di malto che produce. Nonostante Taketsuru sia considerato il padre del Whisky giapponese, \u00e8 comunque doveroso ricordare che non fu il primo a distillare Whisky nel paese del Sol Levante.<br \/>\nIn realt\u00e0, infatti, la &ldquo;White Oak Distillery&rdquo;, fondata sul finire del XIX secolo, nel lontano 1888 per l&rsquo;esattezza, ha iniziato a produrre Whisky, seppure in piccole quantit\u00e0, gi\u00e0 nel 1919. Nel 1984, poi, con la costruzione di un nuovo e moderno stabilimento, la &ldquo;White Oak Distillery&rdquo;, situata nella citt\u00e0 di Akashi e oggi appartenente all&rsquo;azienda Eigashima, \u00e8 diventata una delle pi\u00f9 importanti distillerie giapponesi che produce Whisky di malto.<br \/>\nNata come distilleria rinomata per la produzione di Sake e Shochu, la Eigashima, anche se in un secondo momento, \u00e8 divenuta celebre anche per la produzioni di Whisky, elaborati proprio presso i locali della White Oak Distillery. Fino al 2007 la distilleria ha prodotto solo ed esclusivamente Blended Whisky, ai quali si sono recentemente aggiunti anche alcuni Single Malt Whisky.<br \/>\nSeguendo ogni passaggio lavorativo in maniera attenta e rigorosa, i Whisky subiscono un doppio processo di distillazione, per poi passare alla fase di invecchiamento, che \u00e8 eseguita in barili di rovere, dove il distillato assume il suo caratteristico colore ambra, nonch\u00e9 tutte le sfumature organolettiche che lo contraddistingueranno, tanto nel bouquet olfattivo quanto al gusto. Lasciati maturare per un minimo di tre anni e massimo fino a otto anni, \u00e8 cos\u00ec che prendono vita i Whisky targati &ldquo;White Oak Distillery&rdquo;, senza dubbio da includere tra i migliori distillati che si possano al momento incontrare in Giappone. Whisky semplicemente eccellenti.<\/p>\n","protected":false},"excerpt":{"rendered":"<p><strong>Gradazione Alcolica: <\/strong>40% Vol<\/p>\n<p><strong>Formato: <\/strong>50 cl<\/p>\n<p><strong>Temperatura di servizio:&nbsp;<\/strong>16\/18 &deg;C<\/p>\n<p><strong>Momento per degustarlo:&nbsp;<\/strong>Cena tra amici<\/p>\n<p><strong>Tipologia:&nbsp;<\/strong>Distillato<\/p>\n<p><strong>Distilleria:<\/strong> white Oak<\/p>\n<p><strong>Nazione:&nbsp;<\/strong>Giappone<\/p>\n","protected":false},"featured_media":2899,"comment_status":"open","ping_status":"closed","template":"","meta":[],"yoast_head":"<!-- This site is optimized with the Yoast SEO plugin v15.7 - https:\/\/yoast.com\/wordpress\/plugins\/seo\/ -->\n<title>Blended Whisky \u201cTokinoka\u201d White Oak Distillery - Gustabacco - Menu Online<\/title>\n<meta name=\"robots\" content=\"index, follow, max-snippet:-1, max-image-preview:large, max-video-preview:-1\" \/>\n<link rel=\"canonical\" href=\"https:\/\/www.migliormenu.it\/gustabacco\/prodotto\/blended-whisky-tokinoka-white-oak-distillery\/\" \/>\n<meta property=\"og:locale\" content=\"it_IT\" \/>\n<meta property=\"og:type\" content=\"article\" \/>\n<meta property=\"og:title\" content=\"Blended Whisky \u201cTokinoka\u201d White Oak Distillery - Gustabacco - Menu Online\" \/>\n<meta property=\"og:description\" content=\"Gradazione Alcolica: 40% Vol Formato: 50 cl Temperatura di servizio:&nbsp;16\/18 &deg;C Momento per degustarlo:&nbsp;Cena tra amici Tipologia:&nbsp;Distillato Distilleria: white Oak Nazione:&nbsp;Giappone\" \/>\n<meta property=\"og:url\" content=\"https:\/\/www.migliormenu.it\/gustabacco\/prodotto\/blended-whisky-tokinoka-white-oak-distillery\/\" \/>\n<meta property=\"og:site_name\" content=\"Gustabacco - Menu Online\" \/>\n<meta property=\"article:modified_time\" content=\"2023-04-12T14:19:11+00:00\" \/>\n<meta name=\"twitter:card\" content=\"summary_large_image\" \/>\n<meta name=\"twitter:label1\" content=\"Tempo di lettura stimato\">\n\t<meta name=\"twitter:data1\" content=\"2 minuti\">\n<script type=\"application\/ld+json\" class=\"yoast-schema-graph\">{\"@context\":\"https:\/\/schema.org\",\"@graph\":[{\"@type\":\"WebSite\",\"@id\":\"https:\/\/www.migliormenu.it\/gustabacco\/#website\",\"url\":\"https:\/\/www.migliormenu.it\/gustabacco\/\",\"name\":\"Gustabacco - Menu Online\",\"description\":\"Coffee, Food e Drink\",\"potentialAction\":[{\"@type\":\"SearchAction\",\"target\":\"https:\/\/www.migliormenu.it\/gustabacco\/?s={search_term_string}\",\"query-input\":\"required name=search_term_string\"}],\"inLanguage\":\"it-IT\"},{\"@type\":\"ImageObject\",\"@id\":\"https:\/\/www.migliormenu.it\/gustabacco\/prodotto\/blended-whisky-tokinoka-white-oak-distillery\/#primaryimage\",\"inLanguage\":\"it-IT\",\"url\":\"https:\/\/www.migliormenu.it\/gustabacco\/wp-content\/uploads\/2023\/04\/tokinoka_1.jpg\",\"width\":502,\"height\":502},{\"@type\":\"WebPage\",\"@id\":\"https:\/\/www.migliormenu.it\/gustabacco\/prodotto\/blended-whisky-tokinoka-white-oak-distillery\/#webpage\",\"url\":\"https:\/\/www.migliormenu.it\/gustabacco\/prodotto\/blended-whisky-tokinoka-white-oak-distillery\/\",\"name\":\"Blended Whisky \\u201cTokinoka\\u201d White Oak Distillery - Gustabacco - Menu Online\",\"isPartOf\":{\"@id\":\"https:\/\/www.migliormenu.it\/gustabacco\/#website\"},\"primaryImageOfPage\":{\"@id\":\"https:\/\/www.migliormenu.it\/gustabacco\/prodotto\/blended-whisky-tokinoka-white-oak-distillery\/#primaryimage\"},\"datePublished\":\"2023-04-12T14:19:08+00:00\",\"dateModified\":\"2023-04-12T14:19:11+00:00\",\"inLanguage\":\"it-IT\",\"potentialAction\":[{\"@type\":\"ReadAction\",\"target\":[\"https:\/\/www.migliormenu.it\/gustabacco\/prodotto\/blended-whisky-tokinoka-white-oak-distillery\/\"]}]}]}<\/script>\n<!-- \/ Yoast SEO plugin. -->","_links":{"self":[{"href":"https:\/\/www.migliormenu.it\/gustabacco\/wp-json\/wp\/v2\/product\/2894"}],"collection":[{"href":"https:\/\/www.migliormenu.it\/gustabacco\/wp-json\/wp\/v2\/product"}],"about":[{"href":"https:\/\/www.migliormenu.it\/gustabacco\/wp-json\/wp\/v2\/types\/product"}],"replies":[{"embeddable":true,"href":"https:\/\/www.migliormenu.it\/gustabacco\/wp-json\/wp\/v2\/comments?post=2894"}],"wp:featuredmedia":[{"embeddable":true,"href":"https:\/\/www.migliormenu.it\/gustabacco\/wp-json\/wp\/v2\/media\/2899"}],"wp:attachment":[{"href":"https:\/\/www.migliormenu.it\/gustabacco\/wp-json\/wp\/v2\/media?parent=2894"}],"curies":[{"name":"wp","href":"https:\/\/api.w.org\/{rel}","templated":true}]}}