{"id":2843,"date":"2023-04-12T16:18:40","date_gmt":"2023-04-12T14:18:40","guid":{"rendered":"https:\/\/www.migliormenu.it\/gustabacco\/prodotto\/import-placeholder-for-3816\/"},"modified":"2023-04-12T16:18:49","modified_gmt":"2023-04-12T14:18:49","slug":"ron-centenario-rum-12-anni-gran-legado","status":"publish","type":"product","link":"https:\/\/www.migliormenu.it\/gustabacco\/prodotto\/ron-centenario-rum-12-anni-gran-legado\/","title":{"rendered":"Ron Centenario Rum 12 Anni Gran Legado"},"content":{"rendered":"<h1>NOTE DI DEGUSTAZIONE<\/h1>\n<p>Dal profumo di vaniglia, cuoio, cioccolato, sciroppo d&#039;acero e menta Al palato sentori di cioccolato e pelle, miele,menta piperita, con un accenno di anice e liquirizia<\/p>\n<h1>DESCRIZIONE<\/h1>\n<p>L&#039;espressione pi\u00f9 secco del Centenario, questo rum \u00e8 una miscela di rum invecchiati in quercia bianca americana per un massimo di 12 anni in un sistema solera tradizionale.<\/p>\n<h1>PRODUZIONE<\/h1>\n<p>Il Ron Centenario nasce in Costa Rica nel 1985, in un vero e proprio paradiso tropicale, ricco di verdi foreste, incorniciato da molti vulcani e da paradisiache spiagge bianche: in questo scenario da sogno la canna da zucchero ha trovato un clima ideale, riuscendo a donare un rum favoloso, il Ron Centenario. Prodotto partendo dalla melassa e affinato utilizzando il Metodo Solera, questo blend di rum che arrivano fino a 25 anni di et\u00e0 \u00e8 una gioia per il palato, grazie al suo gusto dolce e suadente e per gli occhi, racchiuso com&#039;\u00e8 nell&#039;elegante bottiglia di vetro.<\/p>\n","protected":false},"excerpt":{"rendered":"<div>\n<div>\n<p><strong>Gradazione Alcolica: <\/strong>40% Vol<\/p>\n<\/div>\n<div>\n<p><strong>Temp Min:<\/strong>16 &deg;C<\/p>\n<\/div>\n<div>\n<p><strong>Temp Max: <\/strong>18 &deg;C<\/p>\n<\/div>\n<div><strong>Formato: <\/strong>70 cl<\/div>\n<div>&nbsp;<\/div>\n<\/div>\n<div>\n<p><strong>Tipologia:&nbsp;<\/strong>Distillato<\/p>\n<\/div>\n<div>\n<p><strong>Produttore: <\/strong>Centenario Internacional<\/p>\n<\/div>\n<div>\n<p><strong>Nazione: <\/strong>Costa Rica<\/p>\n<\/div>\n<div>\n<p><strong>Variet\u00e0 Rum: <\/strong>Scuro<\/p>\n<\/div>\n<div><strong>Tipologia Ingredienti Rum: <\/strong>Agricoli<\/div>\n","protected":false},"featured_media":2868,"comment_status":"open","ping_status":"closed","template":"","meta":[],"yoast_head":"<!-- This site is optimized with the Yoast SEO plugin v15.7 - https:\/\/yoast.com\/wordpress\/plugins\/seo\/ -->\n<title>Ron Centenario Rum 12 Anni Gran Legado - Gustabacco - Menu Online<\/title>\n<meta name=\"robots\" content=\"index, follow, max-snippet:-1, max-image-preview:large, max-video-preview:-1\" \/>\n<link rel=\"canonical\" href=\"https:\/\/www.migliormenu.it\/gustabacco\/prodotto\/ron-centenario-rum-12-anni-gran-legado\/\" \/>\n<meta property=\"og:locale\" content=\"it_IT\" \/>\n<meta property=\"og:type\" content=\"article\" \/>\n<meta property=\"og:title\" content=\"Ron Centenario Rum 12 Anni Gran Legado - Gustabacco - Menu Online\" \/>\n<meta property=\"og:description\" content=\"Gradazione Alcolica: 40% Vol  Temp Min:16 &deg;C  Temp Max: 18 &deg;C  Formato: 70 cl &nbsp;  Tipologia:&nbsp;Distillato  Produttore: Centenario Internacional  Nazione: Costa Rica  Variet\u00e0 Rum: Scuro  Tipologia Ingredienti Rum: Agricoli\" \/>\n<meta property=\"og:url\" content=\"https:\/\/www.migliormenu.it\/gustabacco\/prodotto\/ron-centenario-rum-12-anni-gran-legado\/\" \/>\n<meta property=\"og:site_name\" content=\"Gustabacco - Menu Online\" \/>\n<meta property=\"article:modified_time\" content=\"2023-04-12T14:18:49+00:00\" \/>\n<meta name=\"twitter:card\" content=\"summary_large_image\" \/>\n<meta name=\"twitter:label1\" content=\"Tempo di lettura stimato\">\n\t<meta name=\"twitter:data1\" content=\"1 minuto\">\n<script type=\"application\/ld+json\" class=\"yoast-schema-graph\">{\"@context\":\"https:\/\/schema.org\",\"@graph\":[{\"@type\":\"WebSite\",\"@id\":\"https:\/\/www.migliormenu.it\/gustabacco\/#website\",\"url\":\"https:\/\/www.migliormenu.it\/gustabacco\/\",\"name\":\"Gustabacco - Menu Online\",\"description\":\"Coffee, Food e Drink\",\"potentialAction\":[{\"@type\":\"SearchAction\",\"target\":\"https:\/\/www.migliormenu.it\/gustabacco\/?s={search_term_string}\",\"query-input\":\"required name=search_term_string\"}],\"inLanguage\":\"it-IT\"},{\"@type\":\"ImageObject\",\"@id\":\"https:\/\/www.migliormenu.it\/gustabacco\/prodotto\/ron-centenario-rum-12-anni-gran-legado\/#primaryimage\",\"inLanguage\":\"it-IT\",\"url\":\"https:\/\/www.migliormenu.it\/gustabacco\/wp-content\/uploads\/2023\/04\/ron-gran-legado-reserve-12-anos-centenario-cl-70.jpg\",\"width\":800,\"height\":800},{\"@type\":\"WebPage\",\"@id\":\"https:\/\/www.migliormenu.it\/gustabacco\/prodotto\/ron-centenario-rum-12-anni-gran-legado\/#webpage\",\"url\":\"https:\/\/www.migliormenu.it\/gustabacco\/prodotto\/ron-centenario-rum-12-anni-gran-legado\/\",\"name\":\"Ron Centenario Rum 12 Anni Gran Legado - Gustabacco - Menu Online\",\"isPartOf\":{\"@id\":\"https:\/\/www.migliormenu.it\/gustabacco\/#website\"},\"primaryImageOfPage\":{\"@id\":\"https:\/\/www.migliormenu.it\/gustabacco\/prodotto\/ron-centenario-rum-12-anni-gran-legado\/#primaryimage\"},\"datePublished\":\"2023-04-12T14:18:40+00:00\",\"dateModified\":\"2023-04-12T14:18:49+00:00\",\"inLanguage\":\"it-IT\",\"potentialAction\":[{\"@type\":\"ReadAction\",\"target\":[\"https:\/\/www.migliormenu.it\/gustabacco\/prodotto\/ron-centenario-rum-12-anni-gran-legado\/\"]}]}]}<\/script>\n<!-- \/ Yoast SEO plugin. -->","_links":{"self":[{"href":"https:\/\/www.migliormenu.it\/gustabacco\/wp-json\/wp\/v2\/product\/2843"}],"collection":[{"href":"https:\/\/www.migliormenu.it\/gustabacco\/wp-json\/wp\/v2\/product"}],"about":[{"href":"https:\/\/www.migliormenu.it\/gustabacco\/wp-json\/wp\/v2\/types\/product"}],"replies":[{"embeddable":true,"href":"https:\/\/www.migliormenu.it\/gustabacco\/wp-json\/wp\/v2\/comments?post=2843"}],"wp:featuredmedia":[{"embeddable":true,"href":"https:\/\/www.migliormenu.it\/gustabacco\/wp-json\/wp\/v2\/media\/2868"}],"wp:attachment":[{"href":"https:\/\/www.migliormenu.it\/gustabacco\/wp-json\/wp\/v2\/media?parent=2843"}],"curies":[{"name":"wp","href":"https:\/\/api.w.org\/{rel}","templated":true}]}}