{"id":2838,"date":"2023-04-12T16:18:40","date_gmt":"2023-04-12T14:18:40","guid":{"rendered":"https:\/\/www.migliormenu.it\/gustabacco\/prodotto\/import-placeholder-for-3806\/"},"modified":"2023-04-12T16:18:45","modified_gmt":"2023-04-12T14:18:45","slug":"ron-dos-maderas-p-x-triple-aged-rum-55","status":"publish","type":"product","link":"https:\/\/www.migliormenu.it\/gustabacco\/prodotto\/ron-dos-maderas-p-x-triple-aged-rum-55\/","title":{"rendered":"Ron Dos Maderas P.X Triple Aged Rum 5+5"},"content":{"rendered":"<h1>NOTE DI DEGUSTAZIONE<\/h1>\n<p>La sua ultima fase di maturazionein botti di Pedro Ximenez conferisce al Ron Dos MaderasPX 5+5 un colore ambrato, con sfumature penetranti e profonde. <span style=\"font-size: 1rem\">All&rsquo;olfattiva risulta possedere sentori di vaniglia e frutta che predominano su tutto. In bocca \u00e8 caldo e pieno, con sapori che richiamano esplicitamente l&rsquo;uva passa e i fichi secchi. \u00c8 vellutato, con un finale lungo e gradevole.<\/span><\/p>\n<div class=\"toggle-block\">&nbsp;<\/div>\n<h1>DESCRIZIONE<\/h1>\n<p>Rum derivante da un triplo processo di invecchiamento. I primi 5 anni nei caraibi in botti di rovere americano, poi altri 3 anni a Jerez de la Frontera, presso le strutture di Williams &amp; Humbert, in botti di sherry &#039;Dos Cortados&#039;, premiato a livello internazionale. Al termine viene passato altri 2 anni in botti che per oltre 20 anni hanno ospitato il rinomato Sherry &#039;Pedro Xim\u00e9nez&#039;.<\/p>\n<h1>PRODUZIONE<\/h1>\n<p>&#8220;Con quasi 140 anni di storia alle spalle, la Bodega Williams &amp; Humbert, fondata nel 1877 da Sir Alexander Williams, grande esperto e appassionato dei prodotti di Jerez, e Arthur Humbert, specialista nei rapporti internazionali, \u00e8 riconosciuta come una delle pi\u00f9 prestigiose cantine di Jerez ed \u00e8 rinomata a livello mondiale per la produzione di Sherry.<br \/>\nLo Sherry \u00e8 un vino dalla produzione laboriosa e sofisticata; caduto nel dimenticatoio per anni, non ha in realt\u00e0 mai perso il suo valore di vino d&rsquo;eccellenza tanto che ultimamente si stanno riaccendendo i riflettori su questo prodotto davvero unico. Gli impianti della Bodegas Williamas &amp; Humbert, ritenuti i pi\u00f9 grandi d&#039;Europa, si compongono di un complesso di edifici collegati tra loro che occupano una superficie di circa 180.000 metri quadrati.<br \/>\nI prodotti della Bodegas uniscono tradizione e savoir-faire acquisiti nel corso dei secoli ed espressi dalla qualit\u00e0 delle sue prestigiose etichette. La cantina conserva ancora vini e brandy che risalgono all&#039;epoca della sua fondazione ed ha ottenuto il Premio Nazionale di Architettura.<br \/>\nLe vigne di propriet\u00e0 aziendale sono situate nel triangolo formato da Jerez de la Frontera, Puerto di Santa Maria e Sanlucar di Barrameda, zona che gode di un particolare e favorevole microclima dovuto alla presenza dei fiumi Guadalquivir e Guadalete. Nel panorama globale, la Williams &amp; Humbert sta sviluppando un ambizioso programma di diversificazione del settore agroalimentare di alta qualit\u00e0.<br \/>\nFra i progetti pi\u00f9 innovativi, vi sono i Rum Dos Maderas che vengono realizzati e parzialmente invecchiati ai Caraibi, per poi essere trasferiti a Jerez dove finiscono di maturare. Nel rispetto dei valori pi\u00f9 importanti della tradizione, il piano strategico della Williams &amp; Humbert si sviluppa con una grande vitalit\u00e0 creativa e con un forte spirito di modernizzazione; la grande tenacia e la spinta innovativa, sempre legata, comunque, ai valori della tradizione, ne rappresentano lo spirito.&#8221;<\/p>\n","protected":false},"excerpt":{"rendered":"<p><strong>Gradazione Alcolica: <\/strong>40% Vol<\/p>\n<p><strong>Formato: <\/strong>70 cl<\/p>\n<p><strong>Temperatura di servizio:&nbsp;<\/strong>18\/20 &deg;C<\/p>\n<p><strong>Momento per degustarlo:&nbsp;<\/strong>Dopocena<\/p>\n<p><strong>Tipologia:&nbsp;<\/strong>Distillato<\/p>\n<p><strong>Cantina: <\/strong>Bodega Williams &amp; Humbert<\/p>\n<p><strong>Nazione:&nbsp;<\/strong>Spagna<\/p>\n","protected":false},"featured_media":2863,"comment_status":"open","ping_status":"closed","template":"","meta":[],"yoast_head":"<!-- This site is optimized with the Yoast SEO plugin v15.7 - https:\/\/yoast.com\/wordpress\/plugins\/seo\/ -->\n<title>Ron Dos Maderas P.X Triple Aged Rum 5+5 - Gustabacco - Menu Online<\/title>\n<meta name=\"robots\" content=\"index, follow, max-snippet:-1, max-image-preview:large, max-video-preview:-1\" \/>\n<link rel=\"canonical\" href=\"https:\/\/www.migliormenu.it\/gustabacco\/prodotto\/ron-dos-maderas-p-x-triple-aged-rum-55\/\" \/>\n<meta property=\"og:locale\" content=\"it_IT\" \/>\n<meta property=\"og:type\" content=\"article\" \/>\n<meta property=\"og:title\" content=\"Ron Dos Maderas P.X Triple Aged Rum 5+5 - Gustabacco - Menu Online\" \/>\n<meta property=\"og:description\" content=\"Gradazione Alcolica: 40% Vol Formato: 70 cl Temperatura di servizio:&nbsp;18\/20 &deg;C Momento per degustarlo:&nbsp;Dopocena Tipologia:&nbsp;Distillato Cantina: Bodega Williams &amp; Humbert Nazione:&nbsp;Spagna\" \/>\n<meta property=\"og:url\" content=\"https:\/\/www.migliormenu.it\/gustabacco\/prodotto\/ron-dos-maderas-p-x-triple-aged-rum-55\/\" \/>\n<meta property=\"og:site_name\" content=\"Gustabacco - Menu Online\" \/>\n<meta property=\"article:modified_time\" content=\"2023-04-12T14:18:45+00:00\" \/>\n<meta name=\"twitter:card\" content=\"summary_large_image\" \/>\n<meta name=\"twitter:label1\" content=\"Tempo di lettura stimato\">\n\t<meta name=\"twitter:data1\" content=\"2 minuti\">\n<script type=\"application\/ld+json\" class=\"yoast-schema-graph\">{\"@context\":\"https:\/\/schema.org\",\"@graph\":[{\"@type\":\"WebSite\",\"@id\":\"https:\/\/www.migliormenu.it\/gustabacco\/#website\",\"url\":\"https:\/\/www.migliormenu.it\/gustabacco\/\",\"name\":\"Gustabacco - Menu Online\",\"description\":\"Coffee, Food e Drink\",\"potentialAction\":[{\"@type\":\"SearchAction\",\"target\":\"https:\/\/www.migliormenu.it\/gustabacco\/?s={search_term_string}\",\"query-input\":\"required name=search_term_string\"}],\"inLanguage\":\"it-IT\"},{\"@type\":\"ImageObject\",\"@id\":\"https:\/\/www.migliormenu.it\/gustabacco\/prodotto\/ron-dos-maderas-p-x-triple-aged-rum-55\/#primaryimage\",\"inLanguage\":\"it-IT\",\"url\":\"https:\/\/www.migliormenu.it\/gustabacco\/wp-content\/uploads\/2023\/04\/rum-dos-maderas-px-5-5-anos-0-70-lt.jpg\",\"width\":393,\"height\":393},{\"@type\":\"WebPage\",\"@id\":\"https:\/\/www.migliormenu.it\/gustabacco\/prodotto\/ron-dos-maderas-p-x-triple-aged-rum-55\/#webpage\",\"url\":\"https:\/\/www.migliormenu.it\/gustabacco\/prodotto\/ron-dos-maderas-p-x-triple-aged-rum-55\/\",\"name\":\"Ron Dos Maderas P.X Triple Aged Rum 5+5 - Gustabacco - Menu Online\",\"isPartOf\":{\"@id\":\"https:\/\/www.migliormenu.it\/gustabacco\/#website\"},\"primaryImageOfPage\":{\"@id\":\"https:\/\/www.migliormenu.it\/gustabacco\/prodotto\/ron-dos-maderas-p-x-triple-aged-rum-55\/#primaryimage\"},\"datePublished\":\"2023-04-12T14:18:40+00:00\",\"dateModified\":\"2023-04-12T14:18:45+00:00\",\"inLanguage\":\"it-IT\",\"potentialAction\":[{\"@type\":\"ReadAction\",\"target\":[\"https:\/\/www.migliormenu.it\/gustabacco\/prodotto\/ron-dos-maderas-p-x-triple-aged-rum-55\/\"]}]}]}<\/script>\n<!-- \/ Yoast SEO plugin. -->","_links":{"self":[{"href":"https:\/\/www.migliormenu.it\/gustabacco\/wp-json\/wp\/v2\/product\/2838"}],"collection":[{"href":"https:\/\/www.migliormenu.it\/gustabacco\/wp-json\/wp\/v2\/product"}],"about":[{"href":"https:\/\/www.migliormenu.it\/gustabacco\/wp-json\/wp\/v2\/types\/product"}],"replies":[{"embeddable":true,"href":"https:\/\/www.migliormenu.it\/gustabacco\/wp-json\/wp\/v2\/comments?post=2838"}],"wp:featuredmedia":[{"embeddable":true,"href":"https:\/\/www.migliormenu.it\/gustabacco\/wp-json\/wp\/v2\/media\/2863"}],"wp:attachment":[{"href":"https:\/\/www.migliormenu.it\/gustabacco\/wp-json\/wp\/v2\/media?parent=2838"}],"curies":[{"name":"wp","href":"https:\/\/api.w.org\/{rel}","templated":true}]}}