{"id":2756,"date":"2023-04-12T16:18:03","date_gmt":"2023-04-12T14:18:03","guid":{"rendered":"https:\/\/www.migliormenu.it\/gustabacco\/prodotto\/import-placeholder-for-3675\/"},"modified":"2023-04-12T16:18:11","modified_gmt":"2023-04-12T14:18:11","slug":"bas-armagnac-samalens-v-s-o-p-70cl","status":"publish","type":"product","link":"https:\/\/www.migliormenu.it\/gustabacco\/prodotto\/bas-armagnac-samalens-v-s-o-p-70cl\/","title":{"rendered":"Bas Armagnac Samalens V.S.O.P. 70cl"},"content":{"rendered":"<h1 class=\"toggle-title open\" data-toggle-name=\"product-details_note_di_degustazione\">NOTE DI DEGUSTAZIONE<\/h1>\n<p class=\"toggle-content open\" data-toggle-content=\"product-details_note_di_degustazione\">Si presenta di un colore oro antico con riflessi ambrati molto brillante e delizia le narici con sentori olfattivi fini e fruttati. In particolare si percepiscono aromi vanigliati, profumi di frutta rossa polposa e in confettura, uva sultanina, spezie, erbe aromatiche e note di tostatura. Il gusto \u00e8 ampio, morbido, equilibrato e con lungo finale speziato. \u00c8 versatile e pu\u00f2 essere apprezzato dai palati pi\u00f9 differenti.<\/p>\n<p data-toggle-content=\"product-details_note_di_degustazione\">Da gustare assolutamente liscio, in un calice dal bordo svasato.<\/p>\n<p data-toggle-content=\"product-details_note_di_degustazione\">La&nbsp;<strong>V.S.O.P.<\/strong>&nbsp;ovvero&nbsp;<strong>Very Superior Old Pale<\/strong>, sigla che sta ad indicare l&rsquo;invecchiamento (minimo 4 anni ed oltre), preannuncia un distillato che \u00e8 entrato a pieno titolo nell&rsquo;et\u00e0 matura: il colore diventa pi\u00f9 scuro, grazie alle sostanze cedute dai legni d&rsquo;affinamento, i profumi pi\u00f9 complessi ed il gusto pi\u00f9 rotondo.<\/p>\n<h1 data-toggle-content=\"product-details_note_di_degustazione\">DISTILLERIA<\/h1>\n<p data-toggle-content=\"product-details_note_di_degustazione\">La maison Samalens \u00e8 stata fondata nel 1882, nel comune francese di Laujuzan a sud di Bordeaux, da Jean Samalens.<br \/>\nLe prime Maison d&rsquo;Armagnac sono nate attorno al 1850: in quegli anni era importante costruire in prossimit\u00e0 delle vie di navigazione, in quanto erano l&rsquo;unico modo per trasportare i fusti di Armagnac verso i centri di consumo, per questa ragione, quindi, le prime Maison vennero edificate tutte a Condom, sulle rive del fiume Baise, a Mont de Marsan o a Lavardac, tutti centri per\u00f2, sfortunatamente, lontani dai grandi cru della regione.<br \/>\nTuttavia, nel 1882 fece la sua apparizione la ferrovia. Quest&#039;ultima facilit\u00f2 i trasporti e permise alla Maison Samalens, fondata lo stesso anno, di installarsi, seppur lontano da una via navigabile, nel cuore del Bas Armagnac, il cru pi\u00f9 occidentale della AOC Armagnac, dove le ultime colline della Guascogna degradano lentamente verso l&rsquo;Oceano Atlantico, pur restandone piuttosto lontane.<br \/>\nJean Samalens, all&#039;epoca, seguendo le passioni di famiglia, non fece altro che mettersi al servizio dell&rsquo;Armagnac, come prima di lui avevano fatto anche suo nonno e il suo bisnonno, bottai e distillatori di professione. Continuando a perpetuare la tradizione di famiglia, i figli e i nipoti di Jean si sono succeduti alla guida dell&rsquo;azienda e ora sono Pierre e Philippe a gestire la cantina. La maggior parte dei depositi in cui \u00e8 conservato l&rsquo;Armagnac Samalens \u00e8 stata costruita prima del 1900, mentre nel 1973 \u00e8 stata rimodernata la distilleria, che con otto alambicchi \u00e8 oggi una delle pi\u00f9 importanti della regione.<br \/>\nI distillati, ottenuti da vini provenienti dalla zona del Bas Armagnac, maturano in fusti di quercia guascona fino al momento in cui, in base al gusto, al profumo e al colore, non vengono ritenuti pronti per essere messi in commercio e per essere affidati al giudizio dei pi\u00f9 sopraffini conoscitori e amatori.<\/p>\n<p data-toggle-content=\"product-details_note_di_degustazione\">&nbsp;<\/p>\n","protected":false},"excerpt":{"rendered":"<div class=\"span6\">\n<div>\n<p><strong>Tipologia: <\/strong>Armagnac<\/p>\n<\/div>\n<div>\n<p><strong>Produttore: <\/strong>Samalens<\/p>\n<\/div>\n<div>\n<p><strong>Nazione: <\/strong>Francia<\/p>\n<\/div>\n<div>\n<p><strong>Invecchiamento Armagnac: <\/strong>V.S.O.P. (4-9 anni)<\/p>\n<\/div>\n<div>\n<p><strong>Gradazione: <\/strong>40%<\/p>\n<\/div>\n<\/div>\n<div class=\"span6\">\n<div>\n<p><strong>Temp Min:<\/strong>14 &deg;C<\/p>\n<\/div>\n<div>\n<p><strong>Temp Max: <\/strong>16 &deg;C<\/p>\n<\/div>\n<div>\n<p><strong>Formato: <\/strong>cl.70<\/p>\n<\/div>\n<div><strong>Zona di produzione: <\/strong>Grand Bas Armagnac &ndash; France<\/div>\n<\/div>\n<div>&nbsp;<\/div>\n<div><strong>Momento per degustarlo:&nbsp;<\/strong>Dopocena<\/div>\n<div>&nbsp;<\/div>\n<div>&nbsp;<\/div>\n","protected":false},"featured_media":2770,"comment_status":"open","ping_status":"closed","template":"","meta":[],"yoast_head":"<!-- This site is optimized with the Yoast SEO plugin v15.7 - https:\/\/yoast.com\/wordpress\/plugins\/seo\/ -->\n<title>Bas Armagnac Samalens V.S.O.P. 70cl - Gustabacco - Menu Online<\/title>\n<meta name=\"robots\" content=\"index, follow, max-snippet:-1, max-image-preview:large, max-video-preview:-1\" \/>\n<link rel=\"canonical\" href=\"https:\/\/www.migliormenu.it\/gustabacco\/prodotto\/bas-armagnac-samalens-v-s-o-p-70cl\/\" \/>\n<meta property=\"og:locale\" content=\"it_IT\" \/>\n<meta property=\"og:type\" content=\"article\" \/>\n<meta property=\"og:title\" content=\"Bas Armagnac Samalens V.S.O.P. 70cl - Gustabacco - Menu Online\" \/>\n<meta property=\"og:description\" content=\"Tipologia: Armagnac  Produttore: Samalens  Nazione: Francia  Invecchiamento Armagnac: V.S.O.P. (4-9 anni)  Gradazione: 40%   Temp Min:14 &deg;C  Temp Max: 16 &deg;C  Formato: cl.70  Zona di produzione: Grand Bas Armagnac &ndash; France  &nbsp; Momento per degustarlo:&nbsp;Dopocena &nbsp; &nbsp;\" \/>\n<meta property=\"og:url\" content=\"https:\/\/www.migliormenu.it\/gustabacco\/prodotto\/bas-armagnac-samalens-v-s-o-p-70cl\/\" \/>\n<meta property=\"og:site_name\" content=\"Gustabacco - Menu Online\" \/>\n<meta property=\"article:modified_time\" content=\"2023-04-12T14:18:11+00:00\" \/>\n<meta name=\"twitter:card\" content=\"summary_large_image\" \/>\n<meta name=\"twitter:label1\" content=\"Tempo di lettura stimato\">\n\t<meta name=\"twitter:data1\" content=\"2 minuti\">\n<script type=\"application\/ld+json\" class=\"yoast-schema-graph\">{\"@context\":\"https:\/\/schema.org\",\"@graph\":[{\"@type\":\"WebSite\",\"@id\":\"https:\/\/www.migliormenu.it\/gustabacco\/#website\",\"url\":\"https:\/\/www.migliormenu.it\/gustabacco\/\",\"name\":\"Gustabacco - Menu Online\",\"description\":\"Coffee, Food e Drink\",\"potentialAction\":[{\"@type\":\"SearchAction\",\"target\":\"https:\/\/www.migliormenu.it\/gustabacco\/?s={search_term_string}\",\"query-input\":\"required name=search_term_string\"}],\"inLanguage\":\"it-IT\"},{\"@type\":\"ImageObject\",\"@id\":\"https:\/\/www.migliormenu.it\/gustabacco\/prodotto\/bas-armagnac-samalens-v-s-o-p-70cl\/#primaryimage\",\"inLanguage\":\"it-IT\",\"url\":\"https:\/\/www.migliormenu.it\/gustabacco\/wp-content\/uploads\/2023\/04\/1k_75cl-in-su_5_3.jpg\",\"width\":1000,\"height\":1000},{\"@type\":\"WebPage\",\"@id\":\"https:\/\/www.migliormenu.it\/gustabacco\/prodotto\/bas-armagnac-samalens-v-s-o-p-70cl\/#webpage\",\"url\":\"https:\/\/www.migliormenu.it\/gustabacco\/prodotto\/bas-armagnac-samalens-v-s-o-p-70cl\/\",\"name\":\"Bas Armagnac Samalens V.S.O.P. 70cl - Gustabacco - Menu Online\",\"isPartOf\":{\"@id\":\"https:\/\/www.migliormenu.it\/gustabacco\/#website\"},\"primaryImageOfPage\":{\"@id\":\"https:\/\/www.migliormenu.it\/gustabacco\/prodotto\/bas-armagnac-samalens-v-s-o-p-70cl\/#primaryimage\"},\"datePublished\":\"2023-04-12T14:18:03+00:00\",\"dateModified\":\"2023-04-12T14:18:11+00:00\",\"inLanguage\":\"it-IT\",\"potentialAction\":[{\"@type\":\"ReadAction\",\"target\":[\"https:\/\/www.migliormenu.it\/gustabacco\/prodotto\/bas-armagnac-samalens-v-s-o-p-70cl\/\"]}]}]}<\/script>\n<!-- \/ Yoast SEO plugin. -->","_links":{"self":[{"href":"https:\/\/www.migliormenu.it\/gustabacco\/wp-json\/wp\/v2\/product\/2756"}],"collection":[{"href":"https:\/\/www.migliormenu.it\/gustabacco\/wp-json\/wp\/v2\/product"}],"about":[{"href":"https:\/\/www.migliormenu.it\/gustabacco\/wp-json\/wp\/v2\/types\/product"}],"replies":[{"embeddable":true,"href":"https:\/\/www.migliormenu.it\/gustabacco\/wp-json\/wp\/v2\/comments?post=2756"}],"wp:featuredmedia":[{"embeddable":true,"href":"https:\/\/www.migliormenu.it\/gustabacco\/wp-json\/wp\/v2\/media\/2770"}],"wp:attachment":[{"href":"https:\/\/www.migliormenu.it\/gustabacco\/wp-json\/wp\/v2\/media?parent=2756"}],"curies":[{"name":"wp","href":"https:\/\/api.w.org\/{rel}","templated":true}]}}