{"id":2754,"date":"2023-04-12T16:18:03","date_gmt":"2023-04-12T14:18:03","guid":{"rendered":"https:\/\/www.migliormenu.it\/gustabacco\/prodotto\/import-placeholder-for-3668\/"},"modified":"2023-04-12T16:18:09","modified_gmt":"2023-04-12T14:18:09","slug":"amaro-importante-jefferson-700cl-vecchio-magazzino-doganale","status":"publish","type":"product","link":"https:\/\/www.migliormenu.it\/gustabacco\/prodotto\/amaro-importante-jefferson-700cl-vecchio-magazzino-doganale\/","title":{"rendered":"Amaro Importante Jefferson 700cl Vecchio Magazzino Doganale"},"content":{"rendered":"<h1>Il Jefferson<\/h1>\n<p>Ottimo da utilizzare in sostituzione del vermouth per la creazione di cocktail classici e moderni come Negroni, &ldquo;Jefferson&rdquo; raggiunge il suo apice gustato da solo, dopo cena, come amaro da relax e meditazione.<br \/>\nIntenso e raffinato, l&#039;Amaro del capitano Jefferson rinato grazie al Vecchio Magazzino Doganale regala emozioni dal primo sorso, raccontando di terre meravigliose, avventure avvincenti e soprattutto di una grande amicizia.<br \/>\nA base di arance amare e dolci della Calabria, rosmarino di Montalto Uffugo, origano della Palombara e bergamotto di Roccella Ionica, spezie ed erbe naturali del territorio, l&#039;Amaro Importante Jefferson \u00e8 il regalo ideale per coccolarsi dopo una dura giornata di lavoro.<\/p>\n<h1>Il Vecchio Magazzino Doganale<\/h1>\n<p>Il Vecchio Magazzino Doganale nasce nel 1871, cavalcando il periodo storico, culturale e artistico della Belle \u00c9poque, con la creazione dell&#039;&rdquo;Amaro Importante Jefferson&rdquo;, amaro naturale nato dagli ingredienti selezionati in tutto il territorio calabrese.<br \/>\nL&#039;amaro Jefferson rinasce grazie a Ivano Trombino e all&#039;eredit\u00e0 lasciata dal nonno Egidio Trombino nel suo baule misterioso. Ivano qualche tempo fa riceve infatti una valigia colma di diari, racconti e ricerche effettuate dal nonno durante la permanenza in Italia, causata da un drammatico naufragio che lo scaravent\u00f2 sulle coste calabresi insieme agli amici e compagni di viaggio, Gil, Roger e il capitano Jefferson. Vengono accolti al Vecchio Magazzino Doganale di Montalto Uffugo (CS) dal proprietario Giocondo e dalla sua famiglia in quella che diventer\u00e0 non solo la loro nuova casa, ma la loro nuova vita, in un meraviglioso scenario di agrumi, spezie ed erbe aromatiche. Con il passare degli anni il gruppo di amici acquisisce conoscenze e pratiche per produrre in autonomia un liquore speciale, legato alla loro personalit\u00e0, che cominciano presto a commerciare con discreto successo, sempre con l&#039;idea di bere bene e naturale.<br \/>\nDalle antiche ricette dei naufraghi, coadiuvati dal Maestro Giocondo, oggi prendono nuovamente vita, grazie alle mani di Ivano, l&#039;amaro Jefferson nelle due versioni &ldquo;Amaro Importante&rdquo; e &ldquo;Tintura Importante Extra Strong&rdquo;, il Gin &ldquo;Gil&rdquo;, il Bitter &ldquo;Roger&rdquo; e il &ldquo;Family Heritage&rdquo;, eredit\u00e0 di famiglia lasciata da Giocondo nelle due etichette a base di cedro e bergamotto, veri simboli della Calabria e delle sue indimenticabili terre, valorizzate da imprenditori giovani, grintosi e passionali come Ivano.<br \/>\nLiquori rurali ancora oggi prodotti in modo autentico e artigianale, seguendo le indicazioni e le ricette di Giocondo, del capitano Jefferson e degli altri naufraghi, tutti grandi appassionati del buon bere e innamorati della Calabria.<br \/>\nEtichette dal sapore genuino e dai profumi vibranti, ottenuti da botaniche naturali, coltivate e selezionate in tutto il territorio.<\/p>\n","protected":false},"excerpt":{"rendered":"<p>Jefferson nasce in Calabria, in una terra che regala frutti ed erbe uniche al mondo. Il Vecchio Magazzino Doganale seleziona e raccoglie a mano gran parte delle botaniche utilizzate, tra cui i Limoni di Rocca Imperiale IGP, le arance dolci e amare di Bisignano del giardino di famiglia, i bergamotti di Pellaro, l&rsquo;origano della Palombara e il rosmarino di Bisignano . Il tutto viene lavorato separatamente, in infusione idroalcolica rispettando la materia prima e la stagionalit\u00e0, per questo per assemblare Jefferson trascorrono pi\u00f9 di 11 mesi, senza mai ricorrere ad aromi artificiali o coloranti, un panno di lino \u00e8 lo strumento utilizzato per i filtraggi. Jefferson era il capitano di una nave naufragata in Calabria nel 1871, trov\u00f2 riparo da Giocondo al Vecchio Magazzino Doganale, e realizz\u00f2 quello che era da lui definito Amaro Importante, questo \u00e8 stato adattato e trasformato per renderlo eccellente ai nostri giorni.<\/p>\n<p><strong>Gradazione Alcolica<\/strong>: 30%<\/p>\n<p><strong>Formato<\/strong>: 0.7L<\/p>\n<p><strong>Temperatura di servizio<\/strong>: 14\/16 &deg;C<\/p>\n<p><strong>Momento per degustarlo<\/strong>: Dopocena<\/p>\n<p><strong>Tipologia<\/strong>: Amaro e Liquore<\/p>\n","protected":false},"featured_media":2768,"comment_status":"open","ping_status":"closed","template":"","meta":[],"yoast_head":"<!-- This site is optimized with the Yoast SEO plugin v15.7 - https:\/\/yoast.com\/wordpress\/plugins\/seo\/ -->\n<title>Amaro Importante Jefferson 700cl Vecchio Magazzino Doganale - Gustabacco - Menu Online<\/title>\n<meta name=\"robots\" content=\"index, follow, max-snippet:-1, max-image-preview:large, max-video-preview:-1\" \/>\n<link rel=\"canonical\" href=\"https:\/\/www.migliormenu.it\/gustabacco\/prodotto\/amaro-importante-jefferson-700cl-vecchio-magazzino-doganale\/\" \/>\n<meta property=\"og:locale\" content=\"it_IT\" \/>\n<meta property=\"og:type\" content=\"article\" \/>\n<meta property=\"og:title\" content=\"Amaro Importante Jefferson 700cl Vecchio Magazzino Doganale - Gustabacco - Menu Online\" \/>\n<meta property=\"og:description\" content=\"Jefferson nasce in Calabria, in una terra che regala frutti ed erbe uniche al mondo. Il Vecchio Magazzino Doganale seleziona e raccoglie a mano gran parte delle botaniche utilizzate, tra cui i Limoni di Rocca Imperiale IGP, le arance dolci e amare di Bisignano del giardino di famiglia, i bergamotti di Pellaro, l&rsquo;origano della Palombara e il rosmarino di Bisignano . Il tutto viene lavorato separatamente, in infusione idroalcolica rispettando la materia prima e la stagionalit\u00e0, per questo per assemblare Jefferson trascorrono pi\u00f9 di 11 mesi, senza mai ricorrere ad aromi artificiali o coloranti, un panno di lino \u00e8 lo strumento utilizzato per i filtraggi. Jefferson era il capitano di una nave naufragata in Calabria nel 1871, trov\u00f2 riparo da Giocondo al Vecchio Magazzino Doganale, e realizz\u00f2 quello che era da lui definito Amaro Importante, questo \u00e8 stato adattato e trasformato per renderlo eccellente ai nostri giorni. Gradazione Alcolica: 30% Formato: 0.7L Temperatura di servizio: 14\/16 &deg;C Momento per degustarlo: Dopocena Tipologia: Amaro e Liquore\" \/>\n<meta property=\"og:url\" content=\"https:\/\/www.migliormenu.it\/gustabacco\/prodotto\/amaro-importante-jefferson-700cl-vecchio-magazzino-doganale\/\" \/>\n<meta property=\"og:site_name\" content=\"Gustabacco - Menu Online\" \/>\n<meta property=\"article:modified_time\" content=\"2023-04-12T14:18:09+00:00\" \/>\n<meta name=\"twitter:card\" content=\"summary_large_image\" \/>\n<meta name=\"twitter:label1\" content=\"Tempo di lettura stimato\">\n\t<meta name=\"twitter:data1\" content=\"2 minuti\">\n<script type=\"application\/ld+json\" class=\"yoast-schema-graph\">{\"@context\":\"https:\/\/schema.org\",\"@graph\":[{\"@type\":\"WebSite\",\"@id\":\"https:\/\/www.migliormenu.it\/gustabacco\/#website\",\"url\":\"https:\/\/www.migliormenu.it\/gustabacco\/\",\"name\":\"Gustabacco - Menu Online\",\"description\":\"Coffee, Food e Drink\",\"potentialAction\":[{\"@type\":\"SearchAction\",\"target\":\"https:\/\/www.migliormenu.it\/gustabacco\/?s={search_term_string}\",\"query-input\":\"required name=search_term_string\"}],\"inLanguage\":\"it-IT\"},{\"@type\":\"ImageObject\",\"@id\":\"https:\/\/www.migliormenu.it\/gustabacco\/prodotto\/amaro-importante-jefferson-700cl-vecchio-magazzino-doganale\/#primaryimage\",\"inLanguage\":\"it-IT\",\"url\":\"https:\/\/www.migliormenu.it\/gustabacco\/wp-content\/uploads\/2023\/04\/jefferson.jpg\",\"width\":1000,\"height\":1000},{\"@type\":\"WebPage\",\"@id\":\"https:\/\/www.migliormenu.it\/gustabacco\/prodotto\/amaro-importante-jefferson-700cl-vecchio-magazzino-doganale\/#webpage\",\"url\":\"https:\/\/www.migliormenu.it\/gustabacco\/prodotto\/amaro-importante-jefferson-700cl-vecchio-magazzino-doganale\/\",\"name\":\"Amaro Importante Jefferson 700cl Vecchio Magazzino Doganale - Gustabacco - Menu Online\",\"isPartOf\":{\"@id\":\"https:\/\/www.migliormenu.it\/gustabacco\/#website\"},\"primaryImageOfPage\":{\"@id\":\"https:\/\/www.migliormenu.it\/gustabacco\/prodotto\/amaro-importante-jefferson-700cl-vecchio-magazzino-doganale\/#primaryimage\"},\"datePublished\":\"2023-04-12T14:18:03+00:00\",\"dateModified\":\"2023-04-12T14:18:09+00:00\",\"inLanguage\":\"it-IT\",\"potentialAction\":[{\"@type\":\"ReadAction\",\"target\":[\"https:\/\/www.migliormenu.it\/gustabacco\/prodotto\/amaro-importante-jefferson-700cl-vecchio-magazzino-doganale\/\"]}]}]}<\/script>\n<!-- \/ Yoast SEO plugin. -->","_links":{"self":[{"href":"https:\/\/www.migliormenu.it\/gustabacco\/wp-json\/wp\/v2\/product\/2754"}],"collection":[{"href":"https:\/\/www.migliormenu.it\/gustabacco\/wp-json\/wp\/v2\/product"}],"about":[{"href":"https:\/\/www.migliormenu.it\/gustabacco\/wp-json\/wp\/v2\/types\/product"}],"replies":[{"embeddable":true,"href":"https:\/\/www.migliormenu.it\/gustabacco\/wp-json\/wp\/v2\/comments?post=2754"}],"wp:featuredmedia":[{"embeddable":true,"href":"https:\/\/www.migliormenu.it\/gustabacco\/wp-json\/wp\/v2\/media\/2768"}],"wp:attachment":[{"href":"https:\/\/www.migliormenu.it\/gustabacco\/wp-json\/wp\/v2\/media?parent=2754"}],"curies":[{"name":"wp","href":"https:\/\/api.w.org\/{rel}","templated":true}]}}