{"id":2573,"date":"2021-10-28T13:10:55","date_gmt":"2021-10-28T11:10:55","guid":{"rendered":"https:\/\/www.migliormenu.it\/gustabacco\/?post_type=product&#038;p=2573"},"modified":"2021-10-28T13:13:22","modified_gmt":"2021-10-28T11:13:22","slug":"pompadour-finocchio","status":"publish","type":"product","link":"https:\/\/www.migliormenu.it\/gustabacco\/prodotto\/pompadour-finocchio\/","title":{"rendered":"Pompadour Finocchio"},"content":{"rendered":"<p>Fin dall&#8217;antichit\u00e0 il finocchio \u00e8 uno degli infusi pi\u00f9 popolari ed amati. Per la sua preparazione si utilizzano i semi del finocchio, che contengono notevoli propriet\u00e0. Nella tradizione popolare l&#8217;infuso trova il suo maggior utilizzo per dare sollievo allo stomaco e per attenuare in modo naturale il fastidioso senso di gonfiore addominale. Oltre a tutte le sue benefiche virt\u00f9, l&#8217;infuso di finocchio ha un gusto naturalmente dolce e profumato ed \u00e8 una gradevole bevanda adatta soprattutto dopo i pasti.<\/p>\n","protected":false},"excerpt":{"rendered":"<p>Fin dall&#8217;antichit\u00e0 il finocchio \u00e8 uno degli infusi pi\u00f9 popolari ed amati. Per la sua preparazione si utilizzano i semi del finocchio, che contengono notevoli propriet\u00e0. Nella tradizione popolare l&#8217;infuso trova il suo maggior utilizzo per dare sollievo allo stomaco e per attenuare in modo naturale il fastidioso senso di gonfiore addominale. Oltre a tutte&#8230;<\/p>\n","protected":false},"featured_media":2574,"comment_status":"open","ping_status":"closed","template":"","meta":[],"yoast_head":"<!-- This site is optimized with the Yoast SEO plugin v15.7 - https:\/\/yoast.com\/wordpress\/plugins\/seo\/ -->\n<title>Pompadour Finocchio Gustabacco<\/title>\n<meta name=\"robots\" content=\"index, follow, max-snippet:-1, max-image-preview:large, max-video-preview:-1\" \/>\n<link rel=\"canonical\" href=\"https:\/\/www.migliormenu.it\/gustabacco\/prodotto\/pompadour-finocchio\/\" \/>\n<meta property=\"og:locale\" content=\"it_IT\" \/>\n<meta property=\"og:type\" content=\"article\" \/>\n<meta property=\"og:title\" content=\"Pompadour Finocchio Gustabacco\" \/>\n<meta property=\"og:description\" content=\"Fin dall&#8217;antichit\u00e0 il finocchio \u00e8 uno degli infusi pi\u00f9 popolari ed amati. Per la sua preparazione si utilizzano i semi del finocchio, che contengono notevoli propriet\u00e0. Nella tradizione popolare l&#8217;infuso trova il suo maggior utilizzo per dare sollievo allo stomaco e per attenuare in modo naturale il fastidioso senso di gonfiore addominale. Oltre a tutte...\" \/>\n<meta property=\"og:url\" content=\"https:\/\/www.migliormenu.it\/gustabacco\/prodotto\/pompadour-finocchio\/\" \/>\n<meta property=\"og:site_name\" content=\"Gustabacco - Menu Online\" \/>\n<meta property=\"article:modified_time\" content=\"2021-10-28T11:13:22+00:00\" \/>\n<meta property=\"og:image\" content=\"https:\/\/www.migliormenu.it\/gustabacco\/wp-content\/uploads\/2021\/10\/New-Project-10.jpg\" \/>\n\t<meta property=\"og:image:width\" content=\"1180\" \/>\n\t<meta property=\"og:image:height\" content=\"1180\" \/>\n<meta name=\"twitter:card\" content=\"summary_large_image\" \/>\n<meta name=\"twitter:label1\" content=\"Tempo di lettura stimato\">\n\t<meta name=\"twitter:data1\" content=\"1 minuto\">\n<script type=\"application\/ld+json\" class=\"yoast-schema-graph\">{\"@context\":\"https:\/\/schema.org\",\"@graph\":[{\"@type\":\"WebSite\",\"@id\":\"https:\/\/www.migliormenu.it\/gustabacco\/#website\",\"url\":\"https:\/\/www.migliormenu.it\/gustabacco\/\",\"name\":\"Gustabacco - Menu Online\",\"description\":\"Coffee, Food e Drink\",\"potentialAction\":[{\"@type\":\"SearchAction\",\"target\":\"https:\/\/www.migliormenu.it\/gustabacco\/?s={search_term_string}\",\"query-input\":\"required name=search_term_string\"}],\"inLanguage\":\"it-IT\"},{\"@type\":\"ImageObject\",\"@id\":\"https:\/\/www.migliormenu.it\/gustabacco\/prodotto\/pompadour-finocchio\/#primaryimage\",\"inLanguage\":\"it-IT\",\"url\":\"https:\/\/www.migliormenu.it\/gustabacco\/wp-content\/uploads\/2021\/10\/New-Project-10.jpg\",\"width\":1180,\"height\":1180},{\"@type\":\"WebPage\",\"@id\":\"https:\/\/www.migliormenu.it\/gustabacco\/prodotto\/pompadour-finocchio\/#webpage\",\"url\":\"https:\/\/www.migliormenu.it\/gustabacco\/prodotto\/pompadour-finocchio\/\",\"name\":\"Pompadour Finocchio Gustabacco\",\"isPartOf\":{\"@id\":\"https:\/\/www.migliormenu.it\/gustabacco\/#website\"},\"primaryImageOfPage\":{\"@id\":\"https:\/\/www.migliormenu.it\/gustabacco\/prodotto\/pompadour-finocchio\/#primaryimage\"},\"datePublished\":\"2021-10-28T11:10:55+00:00\",\"dateModified\":\"2021-10-28T11:13:22+00:00\",\"inLanguage\":\"it-IT\",\"potentialAction\":[{\"@type\":\"ReadAction\",\"target\":[\"https:\/\/www.migliormenu.it\/gustabacco\/prodotto\/pompadour-finocchio\/\"]}]}]}<\/script>\n<!-- \/ Yoast SEO plugin. -->","_links":{"self":[{"href":"https:\/\/www.migliormenu.it\/gustabacco\/wp-json\/wp\/v2\/product\/2573"}],"collection":[{"href":"https:\/\/www.migliormenu.it\/gustabacco\/wp-json\/wp\/v2\/product"}],"about":[{"href":"https:\/\/www.migliormenu.it\/gustabacco\/wp-json\/wp\/v2\/types\/product"}],"replies":[{"embeddable":true,"href":"https:\/\/www.migliormenu.it\/gustabacco\/wp-json\/wp\/v2\/comments?post=2573"}],"wp:featuredmedia":[{"embeddable":true,"href":"https:\/\/www.migliormenu.it\/gustabacco\/wp-json\/wp\/v2\/media\/2574"}],"wp:attachment":[{"href":"https:\/\/www.migliormenu.it\/gustabacco\/wp-json\/wp\/v2\/media?parent=2573"}],"curies":[{"name":"wp","href":"https:\/\/api.w.org\/{rel}","templated":true}]}}