{"id":2569,"date":"2021-10-28T12:56:46","date_gmt":"2021-10-28T10:56:46","guid":{"rendered":"https:\/\/www.migliormenu.it\/gustabacco\/?post_type=product&#038;p=2569"},"modified":"2021-10-28T13:02:36","modified_gmt":"2021-10-28T11:02:36","slug":"twinings-earl-grey-tea-profumo-di-bergamotto","status":"publish","type":"product","link":"https:\/\/www.migliormenu.it\/gustabacco\/prodotto\/twinings-earl-grey-tea-profumo-di-bergamotto\/","title":{"rendered":"Twinings Earl Grey Tea profumo di bergamotto"},"content":{"rendered":"<p>Il t\u00e8 classico Twinings Earl Grey Tea \u00e8 una miscela realizzata con i migliori t\u00e8 neri provenienti da piantagioni selezionate in tutto il mondo. \u00c8 un t\u00e8 dal colore intenso e dal sapore morbido e bilanciato, in cui l&#8217;aroma inconfondibile di bergamotto ben si armonizza con la miscela. Il t\u00e8 classico Twinings Earl Grey Tea \u00e8 uno dei t\u00e8 pi\u00f9 famosi al mondo, con una storia di oltre 100 anni.<\/p>\n<p><strong>Propriet\u00e0 del bergamotto:<\/strong> antiossidanti, energizzanti<\/p>\n<p><strong>Come e quando servire: <\/strong>T\u00e8 nero aromatizzato al bergamotto da gustare al naturale, eventualmente addolcendo a piacere con zucchero o miele. Ideale in qualunque momento della giornata, in particolare al pomeriggio. Perfetto anche da gustare dopo averlo fatto raffreddare, all\u2019aperitivo, come alternativa al classico Bitter con seltz.<\/p>\n<p>&nbsp;<\/p>\n","protected":false},"excerpt":{"rendered":"<p>Il t\u00e8 classico Twinings Earl Grey Tea \u00e8 una miscela realizzata con i migliori t\u00e8 neri provenienti da piantagioni selezionate in tutto il mondo. \u00c8 un t\u00e8 dal colore intenso e dal sapore morbido e bilanciato, in cui l&#8217;aroma inconfondibile di bergamotto ben si armonizza con la miscela. Il t\u00e8 classico Twinings Earl Grey Tea&#8230;<\/p>\n","protected":false},"featured_media":2570,"comment_status":"open","ping_status":"closed","template":"","meta":[],"yoast_head":"<!-- This site is optimized with the Yoast SEO plugin v15.7 - https:\/\/yoast.com\/wordpress\/plugins\/seo\/ -->\n<title>Twinings Earl Grey Tea profumo di bergamotto Gustabacco<\/title>\n<meta name=\"robots\" content=\"index, follow, max-snippet:-1, max-image-preview:large, max-video-preview:-1\" \/>\n<link rel=\"canonical\" href=\"https:\/\/www.migliormenu.it\/gustabacco\/prodotto\/twinings-earl-grey-tea-profumo-di-bergamotto\/\" \/>\n<meta property=\"og:locale\" content=\"it_IT\" \/>\n<meta property=\"og:type\" content=\"article\" \/>\n<meta property=\"og:title\" content=\"Twinings Earl Grey Tea profumo di bergamotto Gustabacco\" \/>\n<meta property=\"og:description\" content=\"Il t\u00e8 classico Twinings Earl Grey Tea \u00e8 una miscela realizzata con i migliori t\u00e8 neri provenienti da piantagioni selezionate in tutto il mondo. \u00c8 un t\u00e8 dal colore intenso e dal sapore morbido e bilanciato, in cui l&#8217;aroma inconfondibile di bergamotto ben si armonizza con la miscela. Il t\u00e8 classico Twinings Earl Grey Tea...\" \/>\n<meta property=\"og:url\" content=\"https:\/\/www.migliormenu.it\/gustabacco\/prodotto\/twinings-earl-grey-tea-profumo-di-bergamotto\/\" \/>\n<meta property=\"og:site_name\" content=\"Gustabacco - Menu Online\" \/>\n<meta property=\"article:modified_time\" content=\"2021-10-28T11:02:36+00:00\" \/>\n<meta property=\"og:image\" content=\"https:\/\/www.migliormenu.it\/gustabacco\/wp-content\/uploads\/2021\/10\/New-Project-8.jpg\" \/>\n\t<meta property=\"og:image:width\" content=\"1180\" \/>\n\t<meta property=\"og:image:height\" content=\"1180\" \/>\n<meta name=\"twitter:card\" content=\"summary_large_image\" \/>\n<meta name=\"twitter:label1\" content=\"Tempo di lettura stimato\">\n\t<meta name=\"twitter:data1\" content=\"1 minuto\">\n<script type=\"application\/ld+json\" class=\"yoast-schema-graph\">{\"@context\":\"https:\/\/schema.org\",\"@graph\":[{\"@type\":\"WebSite\",\"@id\":\"https:\/\/www.migliormenu.it\/gustabacco\/#website\",\"url\":\"https:\/\/www.migliormenu.it\/gustabacco\/\",\"name\":\"Gustabacco - Menu Online\",\"description\":\"Coffee, Food e Drink\",\"potentialAction\":[{\"@type\":\"SearchAction\",\"target\":\"https:\/\/www.migliormenu.it\/gustabacco\/?s={search_term_string}\",\"query-input\":\"required name=search_term_string\"}],\"inLanguage\":\"it-IT\"},{\"@type\":\"ImageObject\",\"@id\":\"https:\/\/www.migliormenu.it\/gustabacco\/prodotto\/twinings-earl-grey-tea-profumo-di-bergamotto\/#primaryimage\",\"inLanguage\":\"it-IT\",\"url\":\"https:\/\/www.migliormenu.it\/gustabacco\/wp-content\/uploads\/2021\/10\/New-Project-8.jpg\",\"width\":1180,\"height\":1180},{\"@type\":\"WebPage\",\"@id\":\"https:\/\/www.migliormenu.it\/gustabacco\/prodotto\/twinings-earl-grey-tea-profumo-di-bergamotto\/#webpage\",\"url\":\"https:\/\/www.migliormenu.it\/gustabacco\/prodotto\/twinings-earl-grey-tea-profumo-di-bergamotto\/\",\"name\":\"Twinings Earl Grey Tea profumo di bergamotto Gustabacco\",\"isPartOf\":{\"@id\":\"https:\/\/www.migliormenu.it\/gustabacco\/#website\"},\"primaryImageOfPage\":{\"@id\":\"https:\/\/www.migliormenu.it\/gustabacco\/prodotto\/twinings-earl-grey-tea-profumo-di-bergamotto\/#primaryimage\"},\"datePublished\":\"2021-10-28T10:56:46+00:00\",\"dateModified\":\"2021-10-28T11:02:36+00:00\",\"inLanguage\":\"it-IT\",\"potentialAction\":[{\"@type\":\"ReadAction\",\"target\":[\"https:\/\/www.migliormenu.it\/gustabacco\/prodotto\/twinings-earl-grey-tea-profumo-di-bergamotto\/\"]}]}]}<\/script>\n<!-- \/ Yoast SEO plugin. -->","_links":{"self":[{"href":"https:\/\/www.migliormenu.it\/gustabacco\/wp-json\/wp\/v2\/product\/2569"}],"collection":[{"href":"https:\/\/www.migliormenu.it\/gustabacco\/wp-json\/wp\/v2\/product"}],"about":[{"href":"https:\/\/www.migliormenu.it\/gustabacco\/wp-json\/wp\/v2\/types\/product"}],"replies":[{"embeddable":true,"href":"https:\/\/www.migliormenu.it\/gustabacco\/wp-json\/wp\/v2\/comments?post=2569"}],"wp:featuredmedia":[{"embeddable":true,"href":"https:\/\/www.migliormenu.it\/gustabacco\/wp-json\/wp\/v2\/media\/2570"}],"wp:attachment":[{"href":"https:\/\/www.migliormenu.it\/gustabacco\/wp-json\/wp\/v2\/media?parent=2569"}],"curies":[{"name":"wp","href":"https:\/\/api.w.org\/{rel}","templated":true}]}}